{"id":1028,"date":"2016-11-16T18:36:41","date_gmt":"2016-11-16T18:36:41","guid":{"rendered":"http:\/\/tabogaexpress.com\/es\/?page_id=1028"},"modified":"2025-11-04T16:21:25","modified_gmt":"2025-11-04T16:21:25","slug":"island-excursion","status":"publish","type":"page","link":"http:\/\/tabogaexpress.com\/es\/island-excursion\/","title":{"rendered":"Excursi\u00f3n a la Isla"},"content":{"rendered":"<div class=\"wpb-content-wrapper\"><p>[vc_row][vc_column][vc_empty_space][vc_empty_space][vc_column_text css=\u00bb\u00bb]<\/p>\n<h1 style=\"text-align: center;\">Excursi\u00f3n Hist\u00f3rica &#8211; $45<\/h1>\n<p>[\/vc_column_text][\/vc_column][\/vc_row][vc_row][vc_column width=\u00bb1\/2&#8243;][vc_images_carousel images=\u00bb1111,1112,1113,1114,1115,1116,1117,1118&#8243; img_size=\u00bbmedium\u00bb speed=\u00bb4000&#8243; autoplay=\u00bbyes\u00bb scroll_fx=\u00bbcrossfade\u00bb][vc_btn title=\u00bbRESERVAR\u00bb style=\u00bb3d\u00bb color=\u00bbgreen\u00bb size=\u00bblg\u00bb align=\u00bbcenter\u00bb link=\u00bburl:http%3A%2F%2Ftabogaexpress.com%2Fes%2Fbook-now%2F|||\u00bb][\/vc_column][vc_column width=\u00bb1\/2&#8243;][vc_column_text]<\/p>\n<h4>Nuestra excursi\u00f3n incluye:<\/h4>\n<ul>\n<li>\n<h4>Transporte hacia y desde la isla en nuestro ferry, con Wi-Fi gratuito a bordo. S\u00f3lo 30 minutos &nbsp;a la hermosa Isla Taboga.<\/h4>\n<\/li>\n<\/ul>\n<ul>\n<li>\n<h4>Caminata hist\u00f3rica de 1 hora caminando por los coloridos callejones del pueblo con un gu\u00eda biling\u00fce, que explicar\u00e1 la fascinante historia de nuestra hermosa isla durante los tiempos de los piratas, la Segunda Guerra Mundial y mucho m\u00e1s. Este tour tambi\u00e9n incluye una visita a la iglesia de San Pedro, que es la segunda iglesia m\u00e1s antigua de Am\u00e9rica Latina, construida en el a\u00f1o 1524.<\/h4>\n<\/li>\n<\/ul>\n<hr>\n<h4 style=\"text-align: center;\">Actividades disponibles en la isla no incluidas con el paquete: &nbsp;snorkeling, alquiler de kayak, senderismo, \u00e1rea de nataci\u00f3n frente al mar.<\/h4>\n<p>[\/vc_column_text][\/vc_column][\/vc_row][vc_row][vc_column][vc_column_text]<\/p>\n<h2 style=\"text-align: center;\">Vea Tambi\u00e9n:<\/h2>\n<p>[\/vc_column_text][\/vc_column][\/vc_row][vc_row][vc_column width=\u00bb1\/4&#8243;]<div class=\"ult-ih-container ult-adjust-bottom-margin  \" >\t<ul class=\"ult-ih-list \"  data-shape=\"square\"  data-width=\"250\"  data-height=\"250\"  style=\"text-align:center; \"><li id=\"ult-ih-list-item-3780\" class=\"ult-ih-list-item\" style=\"height: 250px; width: 250px;  margin: 15px\"><a class=\"ult-ih-link\" href=\"http:\/\/tabogaexpress.com\/es\/roundtrip\/\"  ><div style=\"height: 250px; width: 250px; \" class=\"ult-ih-item ult-ih-effect2  ult-ih-right_to_left  \"><div class=\"ult-ih-image-block\" style=\"height: 250px; width: 250px; \">\t<div class=\"ult-ih-wrapper\" style=\"border-style: solid; border-color: rgba(255,255,255,0.2); border-width: 20px;\"><\/div>\t<img decoding=\"async\" class=\"ult-ih-image\" src=\"http:\/\/tabogaexpress.com\/wp-content\/uploads\/2016\/11\/TOUR-PAGE-ROUNDTRIP-ES.jpg\" alt=\"null\"><\/div><div class=\"ult-ih-info\" style=\"background-color: rgba(0,0,0,0.75); \">\t<div class=\"ult-ih-info-back\">\t<div class=\"ult-ih-content\">\t\t\t<div class=\"ult-ih-heading-block\" style=\"\">\t\t\t\t<h3 class=\"ult-ih-heading ult-responsive\" style=\"color:#ffffff;\"  data-ultimate-target='#ult-ih-list-item-3780 .ult-ih-heading'  data-responsive-json-new='{\"font-size\":\"desktop:22px;\",\"line-height\":\"desktop:28px;\"}' >$20 Ida y Vuelta<\/h3>\t\t\t<\/div>\t\t\t<div class=\"ult-ih-divider-block\" style=\"height:1px;\">\t\t\t\t<span class=\"ult-ih-line\" style=\"border-style:solid;border-color:rgba(255,255,255,0.75);width:100px;border-width:1px;\"><\/span>\t\t\t<\/div>\t\t\t<div class=\"ult-ih-description-block\" style=\"\">\t\t\t\t<div class=\"ult-ih-description ult-responsive\" style=\"color:#bbbbbb;\"  data-ultimate-target='#ult-ih-list-item-3780 .ult-ih-description, #ult-ih-list-item-3780 .ult-ih-description p'  data-responsive-json-new='{\"font-size\":\"desktop:12px;\",\"line-height\":\"desktop:18px;\"}' ><p><a href=\"https:\/\/tabogaexpress.com\/es\/roundtrip\/\">Leer m\u00e1s<\/a><\/p>\n\t\t\t\t<\/div>\t\t\t<\/div>\t<\/div>\t<\/div><\/div><\/div><\/a><\/li>\t<\/ul><\/div>[\/vc_column][vc_column width=\u00bb1\/4&#8243;]<div class=\"ult-ih-container ult-adjust-bottom-margin  \" >\t<ul class=\"ult-ih-list \"  data-shape=\"square\"  data-width=\"250\"  data-height=\"250\"  style=\"text-align:center; \"><li id=\"ult-ih-list-item-5008\" class=\"ult-ih-list-item\" style=\"height: 250px; width: 250px;  margin: 15px\"><a class=\"ult-ih-link\" href=\"http:\/\/tabogaexpress.com\/es\/day-pass\/\"  ><div style=\"height: 250px; width: 250px; \" class=\"ult-ih-item ult-ih-effect2  ult-ih-right_to_left  \"><div class=\"ult-ih-image-block\" style=\"height: 250px; width: 250px; \">\t<div class=\"ult-ih-wrapper\" style=\"border-style: solid; border-color: rgba(255,255,255,0.2); border-width: 20px;\"><\/div>\t<img decoding=\"async\" class=\"ult-ih-image\" src=\"http:\/\/tabogaexpress.com\/wp-content\/uploads\/2016\/11\/TOUR-PAGE-DAYTOUR-ES.jpg\" alt=\"null\"><\/div><div class=\"ult-ih-info\" style=\"background-color: rgba(0,0,0,0.75); \">\t<div class=\"ult-ih-info-back\">\t<div class=\"ult-ih-content\">\t\t\t<div class=\"ult-ih-heading-block\" style=\"\">\t\t\t\t<h3 class=\"ult-ih-heading ult-responsive\" style=\"color:#ffffff;\"  data-ultimate-target='#ult-ih-list-item-5008 .ult-ih-heading'  data-responsive-json-new='{\"font-size\":\"desktop:22px;\",\"line-height\":\"desktop:28px;\"}' >$75 Pasad\u00eda<\/h3>\t\t\t<\/div>\t\t\t<div class=\"ult-ih-divider-block\" style=\"height:1px;\">\t\t\t\t<span class=\"ult-ih-line\" style=\"border-style:solid;border-color:rgba(255,255,255,0.75);width:100px;border-width:1px;\"><\/span>\t\t\t<\/div>\t\t\t<div class=\"ult-ih-description-block\" style=\"\">\t\t\t\t<div class=\"ult-ih-description ult-responsive\" style=\"color:#bbbbbb;\"  data-ultimate-target='#ult-ih-list-item-5008 .ult-ih-description, #ult-ih-list-item-5008 .ult-ih-description p'  data-responsive-json-new='{\"font-size\":\"desktop:12px;\",\"line-height\":\"desktop:18px;\"}' ><p><a href=\"https:\/\/tabogaexpress.com\/es\/day-pass\/\">leer m\u00e1s<\/a><\/p>\n\t\t\t\t<\/div>\t\t\t<\/div>\t<\/div>\t<\/div><\/div><\/div><\/a><\/li>\t<\/ul><\/div>[\/vc_column][vc_column width=\u00bb1\/4&#8243;]<div class=\"ult-ih-container ult-adjust-bottom-margin  \" >\t<ul class=\"ult-ih-list \"  data-shape=\"square\"  data-width=\"250\"  data-height=\"250\"  style=\"text-align:center; \"><li id=\"ult-ih-list-item-9939\" class=\"ult-ih-list-item\" style=\"height: 250px; width: 250px;  margin: 15px\"><a class=\"ult-ih-link\" href=\"http:\/\/tabogaexpress.com\/es\/deluxe-daypass\/\"  ><div style=\"height: 250px; width: 250px; \" class=\"ult-ih-item ult-ih-effect2  ult-ih-right_to_left  \"><div class=\"ult-ih-image-block\" style=\"height: 250px; width: 250px; \">\t<div class=\"ult-ih-wrapper\" style=\"border-style: solid; border-color: rgba(255,255,255,0.2); border-width: 20px;\"><\/div>\t<img decoding=\"async\" class=\"ult-ih-image\" src=\"http:\/\/tabogaexpress.com\/wp-content\/uploads\/2016\/11\/DAYTOUR-DEL-ES.jpg\" alt=\"null\"><\/div><div class=\"ult-ih-info\" style=\"background-color: rgba(0,0,0,0.75); \">\t<div class=\"ult-ih-info-back\">\t<div class=\"ult-ih-content\">\t\t\t<div class=\"ult-ih-heading-block\" style=\"\">\t\t\t\t<h3 class=\"ult-ih-heading ult-responsive\" style=\"color:#ffffff;\"  data-ultimate-target='#ult-ih-list-item-9939 .ult-ih-heading'  data-responsive-json-new='{\"font-size\":\"desktop:22px;\",\"line-height\":\"desktop:28px;\"}' >Pasad\u00eda Deluxe $145<\/h3>\t\t\t<\/div>\t\t\t<div class=\"ult-ih-divider-block\" style=\"height:1px;\">\t\t\t\t<span class=\"ult-ih-line\" style=\"border-style:solid;border-color:rgba(255,255,255,0.75);width:100px;border-width:1px;\"><\/span>\t\t\t<\/div>\t\t\t<div class=\"ult-ih-description-block\" style=\"\">\t\t\t\t<div class=\"ult-ih-description ult-responsive\" style=\"color:#bbbbbb;\"  data-ultimate-target='#ult-ih-list-item-9939 .ult-ih-description, #ult-ih-list-item-9939 .ult-ih-description p'  data-responsive-json-new='{\"font-size\":\"desktop:12px;\",\"line-height\":\"desktop:18px;\"}' ><p><a href=\"https:\/\/tabogaexpress.com\/es\/deluxe-daypass\/\">Leer m\u00e1s<\/a><\/p>\n\t\t\t\t<\/div>\t\t\t<\/div>\t<\/div>\t<\/div><\/div><\/div><\/a><\/li>\t<\/ul><\/div>[\/vc_column][vc_column width=\u00bb1\/4&#8243;]<div class=\"ult-ih-container ult-adjust-bottom-margin  \" >\t<ul class=\"ult-ih-list \"  data-shape=\"square\"  data-width=\"300\"  data-height=\"300\"  style=\"text-align:center; \"><li id=\"ult-ih-list-item-3094\" class=\"ult-ih-list-item\" style=\"height: 300px; width: 300px;  margin: 15px\"><div style=\"height: 300px; width: 300px; \" class=\"ult-ih-item ult-ih-effect1    ult-ih-top_to_bottom \"><div class=\"ult-ih-image-block\" style=\"height: 300px; width: 300px; \">\t<div class=\"ult-ih-wrapper\" style=\"border-style: solid; border-color: rgba(255,255,255,0.2); border-width: 20px;\"><\/div>\t<img decoding=\"async\" class=\"ult-ih-image\" src=\"http:\/\/tabogaexpress.com\/wp-content\/uploads\/2016\/11\/TOUR-PAGE-EE-ESP.jpg\" alt=\"null\"><\/div><div class=\"ult-ih-info\" >\t<div class=\"ult-ih-info-back\" style=\"background-color: rgba(0,0,0,0.75); \">\t<div class=\"ult-ih-content\">\t\t\t<div class=\"ult-ih-heading-block\" style=\"\">\t\t\t\t<h3 class=\"ult-ih-heading ult-responsive\" style=\"color:#ffffff;\"  data-ultimate-target='#ult-ih-list-item-3094 .ult-ih-heading'  data-responsive-json-new='{\"font-size\":\"desktop:22px;\",\"line-height\":\"desktop:28px;\"}' >EVENTOS ESPECIALES<\/h3>\t\t\t<\/div>\t\t\t<div class=\"ult-ih-divider-block\" style=\"height:1px;\">\t\t\t\t<span class=\"ult-ih-line\" style=\"border-style:solid;border-color:rgba(255,255,255,0.75);width:100px;border-width:1px;\"><\/span>\t\t\t<\/div>\t\t\t<div class=\"ult-ih-description-block\" style=\"\">\t\t\t\t<div class=\"ult-ih-description ult-responsive\" style=\"color:#bbbbbb;\"  data-ultimate-target='#ult-ih-list-item-3094 .ult-ih-description, #ult-ih-list-item-3094 .ult-ih-description p'  data-responsive-json-new='{\"font-size\":\"desktop:12px;\",\"line-height\":\"desktop:18px;\"}' ><p><a href=\"http:\/\/tabogaexpress.com\/es\/eventos-especiales\/\">Leer m\u00e1s&#8230;<\/a><\/p>\n\t\t\t\t<\/div>\t\t\t<\/div>\t<\/div>\t<\/div><\/div><\/div><\/li>\t<\/ul><\/div>[\/vc_column][\/vc_row]<\/p>\n<\/div>","protected":false},"excerpt":{"rendered":"<p>[vc_row][vc_column][vc_empty_space][vc_empty_space][vc_column_text css=\u00bb\u00bb] Excursi\u00f3n Hist\u00f3rica &#8211; $45 [\/vc_column_text][\/vc_column][\/vc_row][vc_row][vc_column width=\u00bb1\/2&#8243;][vc_images_carousel images=\u00bb1111,1112,1113,1114,1115,1116,1117,1118&#8243; img_size=\u00bbmedium\u00bb speed=\u00bb4000&#8243; autoplay=\u00bbyes\u00bb scroll_fx=\u00bbcrossfade\u00bb][vc_btn title=\u00bbRESERVAR\u00bb style=\u00bb3d\u00bb color=\u00bbgreen\u00bb size=\u00bblg\u00bb align=\u00bbcenter\u00bb link=\u00bburl:http%3A%2F%2Ftabogaexpress.com%2Fes%2Fbook-now%2F|||\u00bb][\/vc_column][vc_column width=\u00bb1\/2&#8243;][vc_column_text] Nuestra excursi\u00f3n incluye: Transporte hacia y desde la isla en nuestro ferry, con Wi-Fi gratuito a bordo. S\u00f3lo 30 minutos &nbsp;a la hermosa Isla Taboga. Caminata hist\u00f3rica de 1 hora caminando por los coloridos callejones del pueblo con un gu\u00eda [&hellip;]<\/p>\n","protected":false},"author":2,"featured_media":0,"parent":0,"menu_order":0,"comment_status":"closed","ping_status":"closed","template":"page-templates\/full-width.php","meta":{"footnotes":""},"class_list":["post-1028","page","type-page","status-publish","hentry"],"_links":{"self":[{"href":"http:\/\/tabogaexpress.com\/es\/wp-json\/wp\/v2\/pages\/1028","targetHints":{"allow":["GET"]}}],"collection":[{"href":"http:\/\/tabogaexpress.com\/es\/wp-json\/wp\/v2\/pages"}],"about":[{"href":"http:\/\/tabogaexpress.com\/es\/wp-json\/wp\/v2\/types\/page"}],"author":[{"embeddable":true,"href":"http:\/\/tabogaexpress.com\/es\/wp-json\/wp\/v2\/users\/2"}],"replies":[{"embeddable":true,"href":"http:\/\/tabogaexpress.com\/es\/wp-json\/wp\/v2\/comments?post=1028"}],"version-history":[{"count":9,"href":"http:\/\/tabogaexpress.com\/es\/wp-json\/wp\/v2\/pages\/1028\/revisions"}],"predecessor-version":[{"id":2404,"href":"http:\/\/tabogaexpress.com\/es\/wp-json\/wp\/v2\/pages\/1028\/revisions\/2404"}],"wp:attachment":[{"href":"http:\/\/tabogaexpress.com\/es\/wp-json\/wp\/v2\/media?parent=1028"}],"curies":[{"name":"wp","href":"https:\/\/api.w.org\/{rel}","templated":true}]}}