{"id":1330,"date":"2017-06-21T20:14:16","date_gmt":"2017-06-21T20:14:16","guid":{"rendered":"http:\/\/tabogaexpress.com\/?page_id=1330\/"},"modified":"2025-12-26T15:01:25","modified_gmt":"2025-12-26T15:01:25","slug":"deluxe-daypass","status":"publish","type":"page","link":"http:\/\/tabogaexpress.com\/es\/deluxe-daypass\/","title":{"rendered":"Pasad\u00eda Deluxe"},"content":{"rendered":"<div class=\"wpb-content-wrapper\"><p>[vc_row inner_container=\u00bbno\u00bb padding_top=\u00bb0&#8243; padding_bottom=\u00bb0&#8243;][vc_column][vc_empty_space height=\u00bb80px\u00bb][\/vc_column][\/vc_row][vc_row text_align=\u00bbcenter\u00bb type=\u00bbimage\u00bb padding_top=\u00bb100&#8243; bg_image=\u00bb905&#8243;][vc_column][vc_row_inner][vc_column_inner][vc_column_text css=\u00bb\u00bb]<\/p>\n<h1 style=\"text-align: center;\">PASADIA LUXURY<\/h1>\n<p>[\/vc_column_text][\/vc_column_inner][vc_column_inner width=\u00bb1\/2&#8243;][vc_images_carousel images=\u00bb1411,1124,1110,915,1102,1082,1629,1626,1625,1624,1622&#8243; img_size=\u00bbfull\u00bb onclick=\u00bblink_no\u00bb][vc_column_text css=\u00bb\u00bb]<\/p>\n<h3 style=\"text-align: center;\"><strong>$100 -Por persona<\/strong><\/h3>\n<p>[\/vc_column_text][vc_btn title=\u00bbRESERVAR\u00bb style=\u00bb3d\u00bb color=\u00bbgreen\u00bb size=\u00bblg\u00bb align=\u00bbcenter\u00bb link=\u00bburl:http%3A%2F%2FWWW.TABOGAEXPRESS.COM%2FBOOK-NOW|\u00bb][\/vc_column_inner][vc_column_inner width=\u00bb1\/2&#8243;][vc_column_text css=\u00bb\u00bb]<\/p>\n<div class=\"kleo_text_column wpb_content_element \">\n<div class=\"wpb_wrapper\">\n<h3 data-start=\"227\" data-end=\"269\">Vive Taboga con el confort que mereces<\/h3>\n<p data-start=\"271\" data-end=\"451\">Esc\u00e1pate por un d\u00eda a <strong data-start=\"293\" data-end=\"308\">Isla Taboga<\/strong> y disfruta una experiencia dise\u00f1ada para quienes buscan <strong data-start=\"365\" data-end=\"416\">comodidad, buena gastronom\u00eda y relajaci\u00f3n total<\/strong>, sin preocuparse por la log\u00edstica.<\/p>\n<p data-start=\"453\" data-end=\"664\">El <strong data-start=\"456\" data-end=\"474\">Pasad\u00eda Luxury<\/strong> combina traslado en ferry, atenci\u00f3n preferencial, almuerzo en un restaurante exclusivo y acceso a amenidades de playa, todo en un solo paquete pensado para que solo te dediques a disfrutar<\/p>\n<h2 data-start=\"671\" data-end=\"705\">\u00bfQu\u00e9 incluye el Pasad\u00eda Luxury?<\/h2>\n<p data-start=\"707\" data-end=\"1020\">\u2714 <strong data-start=\"709\" data-end=\"743\">Traslado en ferry ida y vuelta<\/strong> desde la Ciudad de Panam\u00e1<br data-start=\"769\" data-end=\"772\" \/>\u2714 <strong data-start=\"774\" data-end=\"794\">1 bebida a bordo<\/strong> durante el trayecto<br data-start=\"814\" data-end=\"817\" \/>\u2714 <strong data-start=\"819\" data-end=\"853\">Almuerzo + 1 bebida en la isla<\/strong><br data-start=\"853\" data-end=\"856\" \/>\ud83d\udccd <em data-start=\"859\" data-end=\"889\">Restaurante Villa Caprichosa<\/em><br data-start=\"889\" data-end=\"892\" \/>\u2714 <strong data-start=\"894\" data-end=\"924\">Sillas y paraguas de playa<\/strong><br data-start=\"924\" data-end=\"927\" \/>\u2714 <strong data-start=\"929\" data-end=\"956\">Acceso a ba\u00f1os y duchas<\/strong> en la playa<br data-start=\"968\" data-end=\"971\" \/>\u2714 <strong data-start=\"973\" data-end=\"1002\">Caminata hist\u00f3rica guiada<\/strong> por Isla Taboga<\/p>\n<\/div>\n<\/div>\n<div class=\"kleo_text_column wpb_content_element \">\n<div class=\"wpb_wrapper\">\n<div class=\"cms-content\">\n<h2 data-start=\"1027\" data-end=\"1079\">Una experiencia pensada para disfrutar sin prisas<\/h2>\n<p data-start=\"1081\" data-end=\"1406\">Desde el momento en que subes al ferry, el Pasad\u00eda Luxury est\u00e1 dise\u00f1ado para ofrecerte una experiencia <strong data-start=\"1184\" data-end=\"1228\">fluida, organizada y sin improvisaciones<\/strong>.<br data-start=\"1229\" data-end=\"1232\" \/>Disfruta de las playas de Taboga con espacios c\u00f3modos, una excelente oferta gastron\u00f3mica y la oportunidad de conocer la historia y cultura de la isla con una caminata guiada.<\/p>\n<p data-start=\"1408\" data-end=\"1522\">Ideal para parejas, familias o grupos que buscan <strong data-start=\"1457\" data-end=\"1486\">un d\u00eda de playa diferente<\/strong>, con un nivel superior de servicio.<\/p>\n<\/div>\n<\/div>\n<\/div>\n<p>[\/vc_column_text][\/vc_column_inner][\/vc_row_inner][vc_empty_space height=\u00bb80px\u00bb][vc_row_inner][vc_column_inner][vc_column_text]<\/p>\n<h2 style=\"text-align: center;\">Vea tambi\u00e9n:<\/h2>\n<p>[\/vc_column_text][\/vc_column_inner][\/vc_row_inner][\/vc_column][\/vc_row][vc_row][vc_column width=\u00bb1\/4&#8243;]<div class=\"ult-ih-container ult-adjust-bottom-margin  \" >\t<ul class=\"ult-ih-list \"  data-shape=\"square\"  data-width=\"300\"  data-height=\"300\"  style=\"text-align:center; \"><li id=\"ult-ih-list-item-1197\" class=\"ult-ih-list-item\" style=\"height: 300px; width: 300px;  margin: 15px\"><a class=\"ult-ih-link\" href=\"http:\/\/tabogaexpress.com\/roundtrip_\/\"  ><div style=\"height: 300px; width: 300px; \" class=\"ult-ih-item ult-ih-effect2  ult-ih-right_to_left  \"><div class=\"ult-ih-image-block\" style=\"height: 300px; width: 300px; \">\t<div class=\"ult-ih-wrapper\" style=\"border-style: solid; border-color: rgba(255,255,255,0.2); border-width: 20px;\"><\/div>\t<img decoding=\"async\" class=\"ult-ih-image\" src=\"http:\/\/tabogaexpress.com\/wp-content\/uploads\/2016\/11\/TOUR-PAGE-ROUNDTRIP.jpg\" alt=\"null\"><\/div><div class=\"ult-ih-info\" style=\"background-color: rgba(0,0,0,0.75); \">\t<div class=\"ult-ih-info-back\">\t<div class=\"ult-ih-content\">\t\t\t<div class=\"ult-ih-heading-block\" style=\"\">\t\t\t\t<h3 class=\"ult-ih-heading ult-responsive\" style=\"color:#ffffff;\"  data-ultimate-target='#ult-ih-list-item-1197 .ult-ih-heading'  data-responsive-json-new='{\"font-size\":\"desktop:22px;\",\"line-height\":\"desktop:28px;\"}' >$20 ROUNDTRIP<\/h3>\t\t\t<\/div>\t\t\t<div class=\"ult-ih-divider-block\" style=\"height:1px;\">\t\t\t\t<span class=\"ult-ih-line\" style=\"border-style:solid;border-color:rgba(255,255,255,0.75);width:100px;border-width:1px;\"><\/span>\t\t\t<\/div>\t\t\t<div class=\"ult-ih-description-block\" style=\"\">\t\t\t\t<div class=\"ult-ih-description ult-responsive\" style=\"color:#bbbbbb;\"  data-ultimate-target='#ult-ih-list-item-1197 .ult-ih-description, #ult-ih-list-item-1197 .ult-ih-description p'  data-responsive-json-new='{\"font-size\":\"desktop:12px;\",\"line-height\":\"desktop:18px;\"}' ><p><a href=\"http:\/\/tabogaexpress.com\/roundtrip_\/\">Read More<\/a><\/p>\n\t\t\t\t<\/div>\t\t\t<\/div>\t<\/div>\t<\/div><\/div><\/div><\/a><\/li>\t<\/ul><\/div>[\/vc_column][vc_column width=\u00bb1\/4&#8243;]<div class=\"ult-ih-container ult-adjust-bottom-margin  \" >\t<ul class=\"ult-ih-list \"  data-shape=\"square\"  data-width=\"300\"  data-height=\"300\"  style=\"text-align:center; \"><li id=\"ult-ih-list-item-4280\" class=\"ult-ih-list-item\" style=\"height: 300px; width: 300px;  margin: 15px\"><a class=\"ult-ih-link\" href=\"http:\/\/tabogaexpress.com\/island-excursion\/\"  ><div style=\"height: 300px; width: 300px; \" class=\"ult-ih-item ult-ih-effect2  ult-ih-right_to_left  \"><div class=\"ult-ih-image-block\" style=\"height: 300px; width: 300px; \">\t<div class=\"ult-ih-wrapper\" style=\"border-style: solid; border-color: rgba(255,255,255,0.2); border-width: 20px;\"><\/div>\t<img decoding=\"async\" class=\"ult-ih-image\" src=\"http:\/\/tabogaexpress.com\/wp-content\/uploads\/2016\/11\/TOUR-PAGE-IE.jpg\" alt=\"null\"><\/div><div class=\"ult-ih-info\" style=\"background-color: rgba(0,0,0,0.75); \">\t<div class=\"ult-ih-info-back\">\t<div class=\"ult-ih-content\">\t\t\t<div class=\"ult-ih-heading-block\" style=\"\">\t\t\t\t<h3 class=\"ult-ih-heading ult-responsive\" style=\"color:#ffffff;\"  data-ultimate-target='#ult-ih-list-item-4280 .ult-ih-heading'  data-responsive-json-new='{\"font-size\":\"desktop:22px;\",\"line-height\":\"desktop:28px;\"}' >$30 ISLAND EXCURSION<\/h3>\t\t\t<\/div>\t\t\t<div class=\"ult-ih-divider-block\" style=\"height:1px;\">\t\t\t\t<span class=\"ult-ih-line\" style=\"border-style:solid;border-color:rgba(255,255,255,0.75);width:100px;border-width:1px;\"><\/span>\t\t\t<\/div>\t\t\t<div class=\"ult-ih-description-block\" style=\"\">\t\t\t\t<div class=\"ult-ih-description ult-responsive\" style=\"color:#bbbbbb;\"  data-ultimate-target='#ult-ih-list-item-4280 .ult-ih-description, #ult-ih-list-item-4280 .ult-ih-description p'  data-responsive-json-new='{\"font-size\":\"desktop:12px;\",\"line-height\":\"desktop:18px;\"}' ><p><a href=\"https:\/\/tabogaexpress.com\/island-excursion\/\">Read More<\/a><\/p>\n\t\t\t\t<\/div>\t\t\t<\/div>\t<\/div>\t<\/div><\/div><\/div><\/a><\/li>\t<\/ul><\/div>[\/vc_column][vc_column width=\u00bb1\/4&#8243;]<div class=\"ult-ih-container ult-adjust-bottom-margin  \" >\t<ul class=\"ult-ih-list \"  data-shape=\"square\"  data-width=\"300\"  data-height=\"300\"  style=\"text-align:center; \"><li id=\"ult-ih-list-item-6315\" class=\"ult-ih-list-item\" style=\"height: 300px; width: 300px;  margin: 15px\"><a class=\"ult-ih-link\" href=\"http:\/\/tabogaexpress.com\/day-pass\/\"  ><div style=\"height: 300px; width: 300px; \" class=\"ult-ih-item ult-ih-effect2  ult-ih-right_to_left  \"><div class=\"ult-ih-image-block\" style=\"height: 300px; width: 300px; \">\t<div class=\"ult-ih-wrapper\" style=\"border-style: solid; border-color: rgba(255,255,255,0.2); border-width: 20px;\"><\/div>\t<img decoding=\"async\" class=\"ult-ih-image\" src=\"http:\/\/tabogaexpress.com\/wp-content\/uploads\/2016\/11\/TOUR-PAGE-DAYTOUR-1.jpg\" alt=\"null\"><\/div><div class=\"ult-ih-info\" style=\"background-color: rgba(0,0,0,0.75); \">\t<div class=\"ult-ih-info-back\">\t<div class=\"ult-ih-content\">\t\t\t<div class=\"ult-ih-heading-block\" style=\"\">\t\t\t\t<h3 class=\"ult-ih-heading ult-responsive\" style=\"color:#ffffff;\"  data-ultimate-target='#ult-ih-list-item-6315 .ult-ih-heading'  data-responsive-json-new='{\"font-size\":\"desktop:22px;\",\"line-height\":\"desktop:28px;\"}' >$65 DAY PASS<\/h3>\t\t\t<\/div>\t\t\t<div class=\"ult-ih-divider-block\" style=\"height:1px;\">\t\t\t\t<span class=\"ult-ih-line\" style=\"border-style:solid;border-color:rgba(255,255,255,0.75);width:100px;border-width:1px;\"><\/span>\t\t\t<\/div>\t\t\t<div class=\"ult-ih-description-block\" style=\"\">\t\t\t\t<div class=\"ult-ih-description ult-responsive\" style=\"color:#bbbbbb;\"  data-ultimate-target='#ult-ih-list-item-6315 .ult-ih-description, #ult-ih-list-item-6315 .ult-ih-description p'  data-responsive-json-new='{\"font-size\":\"desktop:12px;\",\"line-height\":\"desktop:18px;\"}' ><p><a href=\"http:\/\/tabogaexpress.com\/day-pass\">Read More<\/a><\/p>\n\t\t\t\t<\/div>\t\t\t<\/div>\t<\/div>\t<\/div><\/div><\/div><\/a><\/li>\t<\/ul><\/div>[\/vc_column][vc_column width=\u00bb1\/4&#8243;]<div class=\"ult-ih-container ult-adjust-bottom-margin  \" >\t<ul class=\"ult-ih-list \"  data-shape=\"square\"  data-width=\"300\"  data-height=\"300\"  style=\"text-align:center; \"><li id=\"ult-ih-list-item-3029\" class=\"ult-ih-list-item\" style=\"height: 300px; width: 300px;  margin: 15px\"><div style=\"height: 300px; width: 300px; \" class=\"ult-ih-item ult-ih-effect2  ult-ih-right_to_left   \"><div class=\"ult-ih-image-block\" style=\"height: 300px; width: 300px; \">\t<div class=\"ult-ih-wrapper\" style=\"border-style: solid; border-color: rgba(255,255,255,0.2); border-width: 20px;\"><\/div>\t<img decoding=\"async\" class=\"ult-ih-image\" src=\"http:\/\/tabogaexpress.com\/wp-content\/uploads\/2016\/11\/TOUR-PAGE-EE-ENG.jpg\" alt=\"null\"><\/div><div class=\"ult-ih-info\" style=\"background-color: rgba(0,0,0,0.75); \">\t<div class=\"ult-ih-info-back\">\t<div class=\"ult-ih-content\">\t\t\t<div class=\"ult-ih-heading-block\" style=\"\">\t\t\t\t<h3 class=\"ult-ih-heading ult-responsive\" style=\"color:#ffffff;\"  data-ultimate-target='#ult-ih-list-item-3029 .ult-ih-heading'  data-responsive-json-new='{\"font-size\":\"desktop:22px;\",\"line-height\":\"desktop:28px;\"}' >SPECIAL EVENTS<\/h3>\t\t\t<\/div>\t\t\t<div class=\"ult-ih-divider-block\" style=\"height:1px;\">\t\t\t\t<span class=\"ult-ih-line\" style=\"border-style:solid;border-color:rgba(255,255,255,0.75);width:100px;border-width:1px;\"><\/span>\t\t\t<\/div>\t\t\t<div class=\"ult-ih-description-block\" style=\"\">\t\t\t\t<div class=\"ult-ih-description ult-responsive\" style=\"color:#bbbbbb;\"  data-ultimate-target='#ult-ih-list-item-3029 .ult-ih-description, #ult-ih-list-item-3029 .ult-ih-description p'  data-responsive-json-new='{\"font-size\":\"desktop:12px;\",\"line-height\":\"desktop:18px;\"}' ><p><a href=\"http:\/\/tabogaexpress.com\/special-events\/\">Read more&#8230;<\/a><\/p>\n\t\t\t\t<\/div>\t\t\t<\/div>\t<\/div>\t<\/div><\/div><\/div><\/li>\t<\/ul><\/div>[\/vc_column][\/vc_row]<\/p>\n<\/div>","protected":false},"excerpt":{"rendered":"<p>[vc_row inner_container=\u00bbno\u00bb padding_top=\u00bb0&#8243; padding_bottom=\u00bb0&#8243;][vc_column][vc_empty_space height=\u00bb80px\u00bb][\/vc_column][\/vc_row][vc_row text_align=\u00bbcenter\u00bb type=\u00bbimage\u00bb padding_top=\u00bb100&#8243; bg_image=\u00bb905&#8243;][vc_column][vc_row_inner][vc_column_inner][vc_column_text css=\u00bb\u00bb] PASADIA LUXURY [\/vc_column_text][\/vc_column_inner][vc_column_inner width=\u00bb1\/2&#8243;][vc_images_carousel images=\u00bb1411,1124,1110,915,1102,1082,1629,1626,1625,1624,1622&#8243; img_size=\u00bbfull\u00bb onclick=\u00bblink_no\u00bb][vc_column_text css=\u00bb\u00bb] $100 -Por persona [\/vc_column_text][vc_btn title=\u00bbRESERVAR\u00bb style=\u00bb3d\u00bb color=\u00bbgreen\u00bb size=\u00bblg\u00bb align=\u00bbcenter\u00bb link=\u00bburl:http%3A%2F%2FWWW.TABOGAEXPRESS.COM%2FBOOK-NOW|\u00bb][\/vc_column_inner][vc_column_inner width=\u00bb1\/2&#8243;][vc_column_text css=\u00bb\u00bb] Vive Taboga con el confort que mereces Esc\u00e1pate por un d\u00eda a Isla Taboga y disfruta una experiencia dise\u00f1ada para quienes buscan comodidad, buena gastronom\u00eda y relajaci\u00f3n total, sin preocuparse [&hellip;]<\/p>\n","protected":false},"author":5,"featured_media":0,"parent":0,"menu_order":0,"comment_status":"open","ping_status":"open","template":"page-templates\/full-width.php","meta":{"footnotes":""},"class_list":["post-1330","page","type-page","status-publish","hentry"],"_links":{"self":[{"href":"http:\/\/tabogaexpress.com\/es\/wp-json\/wp\/v2\/pages\/1330","targetHints":{"allow":["GET"]}}],"collection":[{"href":"http:\/\/tabogaexpress.com\/es\/wp-json\/wp\/v2\/pages"}],"about":[{"href":"http:\/\/tabogaexpress.com\/es\/wp-json\/wp\/v2\/types\/page"}],"author":[{"embeddable":true,"href":"http:\/\/tabogaexpress.com\/es\/wp-json\/wp\/v2\/users\/5"}],"replies":[{"embeddable":true,"href":"http:\/\/tabogaexpress.com\/es\/wp-json\/wp\/v2\/comments?post=1330"}],"version-history":[{"count":26,"href":"http:\/\/tabogaexpress.com\/es\/wp-json\/wp\/v2\/pages\/1330\/revisions"}],"predecessor-version":[{"id":2423,"href":"http:\/\/tabogaexpress.com\/es\/wp-json\/wp\/v2\/pages\/1330\/revisions\/2423"}],"wp:attachment":[{"href":"http:\/\/tabogaexpress.com\/es\/wp-json\/wp\/v2\/media?parent=1330"}],"curies":[{"name":"wp","href":"https:\/\/api.w.org\/{rel}","templated":true}]}}