{"id":1215,"date":"2017-04-16T02:24:40","date_gmt":"2017-04-16T02:24:40","guid":{"rendered":"http:\/\/tabogaexpress.com\/socios\/"},"modified":"2019-04-28T03:36:47","modified_gmt":"2019-04-28T03:36:47","slug":"socios","status":"publish","type":"page","link":"https:\/\/tabogaexpress.com\/es\/socios\/","title":{"rendered":"Socios"},"content":{"rendered":"<div class=\"wpb-content-wrapper\"><p>[vc_row][vc_column][vc_empty_space][vc_empty_space][vc_column_text font_size=\u00bb200%\u00bb line_height=\u00bb150%\u00bb]<\/p>\n<p style=\"text-align: center;\">CONTACTA A NUESTROS AMIGOS PARA CONOCER M\u00c1S ACTIVIDADES EMOCIONANTES EN LA CIUDAD DE PANAM\u00c1.<\/p>\n<p>[\/vc_column_text][vc_separator][\/vc_column][\/vc_row][vc_row][vc_column width=\u00bb1\/2&#8243;][vc_empty_space][vc_images_carousel images=\u00bb1218,1210,1221,1211,1209,1208,1207,1220,1205,1214,1217,1219&#8243; img_size=\u00bblarge\u00bb onclick=\u00bblink_no\u00bb autoplay=\u00bbyes\u00bb][vc_btn title=\u00bbVISITA LA WEB\u00bb style=\u00bb3d\u00bb color=\u00bbgreen\u00bb align=\u00bbcenter\u00bb link=\u00bburl:http%3A%2F%2Fwww.junglelandpanama.com%2F|\u00bb][vc_column_text]USA C\u00d3DIGO PROMO TX1023 EN EL SITIO WEB DE JUNGLELAND Y RECIBA EL 10% DE DESCUENTO[\/vc_column_text][\/vc_column][vc_column width=\u00bb1\/2&#8243;][vc_column_text]<img loading=\"lazy\" decoding=\"async\" class=\"aligncenter wp-image-1197\" src=\"https:\/\/tabogaexpress.com\/wp-content\/uploads\/2017\/04\/0f6b64_9be670e42f3e8b46a644079a66c46a54.png\" alt=\"0f6b64_9be670e42f3e8b46a644079a66c46a54\" width=\"439\" height=\"292\" srcset=\"https:\/\/tabogaexpress.com\/wp-content\/uploads\/2017\/04\/0f6b64_9be670e42f3e8b46a644079a66c46a54.png 616w, https:\/\/tabogaexpress.com\/wp-content\/uploads\/2017\/04\/0f6b64_9be670e42f3e8b46a644079a66c46a54-300x200.png 300w\" sizes=\"auto, (max-width: 439px) 100vw, 439px\" \/><\/p>\n<div id=\"comp-iyk3s0tn\" class=\"s2\" data-reactid=\".0.$SITE_ROOT.$desktop_siteRoot.$PAGES_CONTAINER.1.1.$SITE_PAGES.$yi906.1.$comp-iyk3s0tn\">\n<h2 class=\"font_2\" style=\"text-align: center;\">El HOSPEDAJE FLOTANTE Y PASADIAS M\u00c1S GALARDONADOS<\/h2>\n<\/div>\n<div id=\"comp-iyk3s0tq\" class=\"s2\" data-reactid=\".0.$SITE_ROOT.$desktop_siteRoot.$PAGES_CONTAINER.1.1.$SITE_PAGES.$yi906.1.$comp-iyk3s0tq\">\n<p class=\"font_7\"><span class=\"color_15\">El \u00fanico Lodge flotante que ha existido en el Canal de Panam\u00e1, Jungle Land es mucho m\u00e1s que un alojamiento. Somos un oasis escondido, rodeado de monos, vida silvestre y un exuberante bosque tropical, con tours hechos y perfeccionados con m\u00e1s de 14 a\u00f1os de conocimiento &#8211; conocimiento que adquirimos con m\u00e1s de una d\u00e9cada de vivir en medio del Canal de\u00a0Panam\u00e1.\u00a0Para llegar a Jungle Land, tienes que navegar a lo largo del canal y a trav\u00e9s de la selva. Ning\u00fan otro operador ofrece\u00a0una aventura tan\u00a0completa como la nuestra. Una vez que est\u00e1s aqu\u00ed, no querr\u00e1s irte.<\/span><\/p>\n<\/div>\n<p>[\/vc_column_text][\/vc_column][\/vc_row][vc_row][vc_column width=\u00bb1\/2&#8243;][vc_column_text]<\/p>\n<h2 class=\"font_2\" style=\"text-align: center;\"><img loading=\"lazy\" decoding=\"async\" class=\"aligncenter wp-image-1237\" src=\"https:\/\/tabogaexpress.com\/wp-content\/uploads\/2017\/04\/Barefoot-Panama-logo.png\" alt=\"Barefoot-Panama-logo\" width=\"448\" height=\"243\" srcset=\"https:\/\/tabogaexpress.com\/wp-content\/uploads\/2017\/04\/Barefoot-Panama-logo.png 737w, https:\/\/tabogaexpress.com\/wp-content\/uploads\/2017\/04\/Barefoot-Panama-logo-300x162.png 300w, https:\/\/tabogaexpress.com\/wp-content\/uploads\/2017\/04\/Barefoot-Panama-logo-672x364.png 672w\" sizes=\"auto, (max-width: 448px) 100vw, 448px\" \/><\/h2>\n<p>&nbsp;<\/p>\n<h2 class=\"font_2\" style=\"text-align: center;\">LOS MEJORES PASAD\u00cdAS PARA CONOCER PANAM\u00c1<\/h2>\n<p>Le recogemos en su hotel alrededor de las 8am. La mayor\u00eda de los d\u00edas comenzamos con el paseo por el casco antiguo de la Ciudad de Panam\u00e1, Casco Antiguo. Visitamos sus cuatro plazas para maravillarse con su espectacular arquitectura y aprender sobre la rica historia de este Patrimonio de la Humanidad de la UNESCO, antes de dirigirse a las Esclusas Miraflores del Canal de Panam\u00e1 para ver el tr\u00e1nsito de los barcos. Disfrute de las plataformas de observaci\u00f3n, cuatro pisos de exposiciones y un cortometraje sobre la historia del canal en el Miraflores Visitor Center. Luego nos dirigiremos por el famoso Cerro Anc\u00f3n dentro de la antigua Zona del Canal de los Estados Unidos y hacia las islas por la Calzada de Amador para la mejor vista del horizonte de Panam\u00e1. Nos detendremos en la Isla Naos para almorzar (no incluido) y terminaremos la excursi\u00f3n en el Centro de la Naturaleza Punta Culebra del Instituto Smithsoniano de Investigaciones Tropicales (lunes cerrados) para ver estrellas de mar, tortugas, ranas, iguanas y \u00a1perezosos! Proporcionamos transporte de vuelta a su hotel, o usted puede decidir quedarse en Casco Antiguo para el atardecer, la cena o las bebidas en una de las muchas plazas, restaurantes o \u00a1bares en la azotea![\/vc_column_text][\/vc_column][vc_column width=\u00bb1\/2&#8243;][vc_empty_space][vc_images_carousel images=\u00bb1238,1242,1249,1245,1241,1243,1239,1248,1240,1244,1246&#8243; img_size=\u00bblarge\u00bb onclick=\u00bblink_no\u00bb autoplay=\u00bbyes\u00bb][vc_btn title=\u00bbVISITA LA WEB\u00bb style=\u00bb3d\u00bb color=\u00bbgreen\u00bb align=\u00bbcenter\u00bb link=\u00bburl:http%3A%2F%2Fwww.barefootpanama.com%2Fpanama-tours%2Fday-tours%2Fpanama-city-tour%2F|\u00bb][\/vc_column][\/vc_row][vc_row][vc_column][vc_separator color=\u00bbblue\u00bb][\/vc_column][\/vc_row]<\/p>\n<\/div>","protected":false},"excerpt":{"rendered":"<p>[vc_row][vc_column][vc_empty_space][vc_empty_space][vc_column_text font_size=\u00bb200%\u00bb line_height=\u00bb150%\u00bb] CONTACTA A NUESTROS AMIGOS PARA CONOCER M\u00c1S ACTIVIDADES EMOCIONANTES EN LA CIUDAD DE PANAM\u00c1. [\/vc_column_text][vc_separator][\/vc_column][\/vc_row][vc_row][vc_column width=\u00bb1\/2&#8243;][vc_empty_space][vc_images_carousel images=\u00bb1218,1210,1221,1211,1209,1208,1207,1220,1205,1214,1217,1219&#8243; img_size=\u00bblarge\u00bb onclick=\u00bblink_no\u00bb autoplay=\u00bbyes\u00bb][vc_btn title=\u00bbVISITA LA WEB\u00bb style=\u00bb3d\u00bb color=\u00bbgreen\u00bb align=\u00bbcenter\u00bb link=\u00bburl:http%3A%2F%2Fwww.junglelandpanama.com%2F|\u00bb][vc_column_text]USA C\u00d3DIGO PROMO TX1023 EN EL SITIO WEB DE JUNGLELAND Y RECIBA EL 10% DE DESCUENTO[\/vc_column_text][\/vc_column][vc_column width=\u00bb1\/2&#8243;][vc_column_text] El HOSPEDAJE FLOTANTE Y PASADIAS M\u00c1S GALARDONADOS El \u00fanico Lodge flotante que ha existido [&hellip;]<\/p>\n","protected":false},"author":5,"featured_media":0,"parent":0,"menu_order":0,"comment_status":"closed","ping_status":"closed","template":"page-templates\/full-width.php","meta":{"footnotes":""},"class_list":["post-1215","page","type-page","status-publish","hentry"],"_links":{"self":[{"href":"https:\/\/tabogaexpress.com\/es\/wp-json\/wp\/v2\/pages\/1215","targetHints":{"allow":["GET"]}}],"collection":[{"href":"https:\/\/tabogaexpress.com\/es\/wp-json\/wp\/v2\/pages"}],"about":[{"href":"https:\/\/tabogaexpress.com\/es\/wp-json\/wp\/v2\/types\/page"}],"author":[{"embeddable":true,"href":"https:\/\/tabogaexpress.com\/es\/wp-json\/wp\/v2\/users\/5"}],"replies":[{"embeddable":true,"href":"https:\/\/tabogaexpress.com\/es\/wp-json\/wp\/v2\/comments?post=1215"}],"version-history":[{"count":2,"href":"https:\/\/tabogaexpress.com\/es\/wp-json\/wp\/v2\/pages\/1215\/revisions"}],"predecessor-version":[{"id":1915,"href":"https:\/\/tabogaexpress.com\/es\/wp-json\/wp\/v2\/pages\/1215\/revisions\/1915"}],"wp:attachment":[{"href":"https:\/\/tabogaexpress.com\/es\/wp-json\/wp\/v2\/media?parent=1215"}],"curies":[{"name":"wp","href":"https:\/\/api.w.org\/{rel}","templated":true}]}}