{"id":1784,"date":"2018-06-08T05:20:21","date_gmt":"2018-06-08T05:20:21","guid":{"rendered":"http:\/\/tabogaexpress.com\/avistamiento-de-ballenas-2\/"},"modified":"2018-06-25T15:15:33","modified_gmt":"2018-06-25T15:15:33","slug":"avistamiento-de-ballenas","status":"publish","type":"page","link":"https:\/\/tabogaexpress.com\/es\/avistamiento-de-ballenas\/","title":{"rendered":"AVISTAMIENTO DE BALLENAS"},"content":{"rendered":"<div class=\"wpb-content-wrapper\"><p>[vc_row inner_container=\u00bbno\u00bb padding_top=\u00bb0&#8243; padding_bottom=\u00bb0&#8243;][vc_column][vc_empty_space height=\u00bb80px\u00bb][\/vc_column][\/vc_row][vc_row text_align=\u00bbcenter\u00bb type=\u00bbimage\u00bb padding_top=\u00bb100&#8243; bg_image=\u00bb905&#8243;][vc_column][vc_row_inner][vc_column_inner][vc_column_text]<\/p>\n<h2 style=\"text-align: center;\">AVISTAMIENTO DE BALLENAS<\/h2>\n<p>[\/vc_column_text][\/vc_column_inner][vc_column_inner width=\u00bb1\/2&#8243;][vc_images_carousel images=\u00bb1411,1763,1765,1124,1767,1762,1110,1769,1768&#8243; img_size=\u00bbfull\u00bb onclick=\u00bblink_no\u00bb][vc_column_text]<\/p>\n<h3 style=\"text-align: center;\"><strong>$160 &#8211; Por persona <\/strong><strong>(Se aceptan\u00a0abonos)<\/strong><\/h3>\n<p style=\"text-align: center;\">DISPONIBLE TODOS LOS S\u00c1BADOS Y DOMINGOS DE JULIO A OCTUBRE 2018<\/p>\n<p>[\/vc_column_text][vc_btn title=\u00bbRESERVAR AHORA\u00bb color=\u00bbgreen\u00bb i_align=\u00bbright\u00bb i_icon_fontawesome=\u00bbfa fa-whatsapp\u00bb add_icon=\u00bbtrue\u00bb][\/vc_column_inner][vc_column_inner width=\u00bb1\/2&#8243;][vc_column_text]<\/p>\n<p style=\"text-align: left;\">\u00a1El escape perfecto del ruido de la ciudad! disfruta de un d\u00eda completo de avistamiento responsable de ballenas y disfruta de una playa privada de aguas pristinas.<\/p>\n<p style=\"text-align: left;\">El d\u00eda inicia a las 8:15am partiendo de Brisas de Amador en Catamar\u00e1n hac\u00eda el archipi\u00e9lago de las Perlas.<\/p>\n<p style=\"text-align: left;\">Exploraremos los alrededores de Isla Contadora en busca de Ballenas Jorobadas y sus cr\u00edas. Para el mediodia arribamos a Isla Bola\u00f1os donde ser\u00e1n bienvenidos por el olor de la parrilla, el carb\u00f3n y disfrutaremos del resto de la tarde en esta playa paradisi\u00e1ca.<\/p>\n<p style=\"text-align: left;\">INCLUYE:<\/p>\n<ul style=\"text-align: left;\">\n<li>Transporte mar\u00edtimo.<\/li>\n<li>Gu\u00edas especializados.<\/li>\n<li>Almuerzo BBQ Playero.<\/li>\n<li>Acceso a playa privada.<\/li>\n<li>Sillas y sombrillas.<\/li>\n<li>Y mucho m\u00e1s!&#8230;<\/li>\n<\/ul>\n<p style=\"text-align: left;\">El almuerzo incluye parrillada bbq con carnes, ensalada y una bebida.<\/p>\n<p style=\"text-align: left;\">(Est\u00e1 permitido llevar cooler con bebidas para consumo personal al tour)<\/p>\n<p>[\/vc_column_text][\/vc_column_inner][\/vc_row_inner][vc_empty_space height=\u00bb80px\u00bb][vc_row_inner][vc_column_inner][vc_column_text]<\/p>\n<h2 style=\"text-align: center;\">Vea tambi\u00e9n:<\/h2>\n<p>[\/vc_column_text][\/vc_column_inner][vc_column_inner width=\u00bb1\/4&#8243;]<div class=\"ult-ih-container ult-adjust-bottom-margin  \" >\t<ul class=\"ult-ih-list \"  data-shape=\"square\"  data-width=\"300\"  data-height=\"300\"  style=\"text-align:center; \"><li id=\"ult-ih-list-item-8401\" class=\"ult-ih-list-item\" style=\"height: 300px; width: 300px;  margin: 15px\"><a class=\"ult-ih-link\" href=\"http:\/\/tabogaexpress.com\/roundtrip_\/\"  ><div style=\"height: 300px; width: 300px; \" class=\"ult-ih-item ult-ih-effect2  ult-ih-right_to_left  \"><div class=\"ult-ih-image-block\" style=\"height: 300px; width: 300px; \">\t<div class=\"ult-ih-wrapper\" style=\"border-style: solid; border-color: rgba(255,255,255,0.2); border-width: 20px;\"><\/div>\t<img decoding=\"async\" class=\"ult-ih-image\" src=\"https:\/\/tabogaexpress.com\/wp-content\/uploads\/2016\/11\/TOUR-PAGE-ROUNDTRIP.jpg\" alt=\"null\"><\/div><div class=\"ult-ih-info\" style=\"background-color: rgba(0,0,0,0.75); \">\t<div class=\"ult-ih-info-back\">\t<div class=\"ult-ih-content\">\t\t\t<div class=\"ult-ih-heading-block\" style=\"\">\t\t\t\t<h3 class=\"ult-ih-heading ult-responsive\" style=\"color:#ffffff;\"  data-ultimate-target='#ult-ih-list-item-8401 .ult-ih-heading'  data-responsive-json-new='{\"font-size\":\"desktop:22px;\",\"line-height\":\"desktop:28px;\"}' >$20 ROUNDTRIP<\/h3>\t\t\t<\/div>\t\t\t<div class=\"ult-ih-divider-block\" style=\"height:1px;\">\t\t\t\t<span class=\"ult-ih-line\" style=\"border-style:solid;border-color:rgba(255,255,255,0.75);width:100px;border-width:1px;\"><\/span>\t\t\t<\/div>\t\t\t<div class=\"ult-ih-description-block\" style=\"\">\t\t\t\t<div class=\"ult-ih-description ult-responsive\" style=\"color:#bbbbbb;\"  data-ultimate-target='#ult-ih-list-item-8401 .ult-ih-description, #ult-ih-list-item-8401 .ult-ih-description p'  data-responsive-json-new='{\"font-size\":\"desktop:12px;\",\"line-height\":\"desktop:18px;\"}' ><p><a href=\"http:\/\/tabogaexpress.com\/roundtrip_\/\">Read More<\/a><\/p>\n\t\t\t\t<\/div>\t\t\t<\/div>\t<\/div>\t<\/div><\/div><\/div><\/a><\/li>\t<\/ul><\/div>[\/vc_column_inner][vc_column_inner width=\u00bb1\/4&#8243;]<div class=\"ult-ih-container ult-adjust-bottom-margin  \" >\t<ul class=\"ult-ih-list \"  data-shape=\"square\"  data-width=\"300\"  data-height=\"300\"  style=\"text-align:center; \"><li id=\"ult-ih-list-item-6610\" class=\"ult-ih-list-item\" style=\"height: 300px; width: 300px;  margin: 15px\"><a class=\"ult-ih-link\" href=\"http:\/\/tabogaexpress.com\/island-excursion\/\"  ><div style=\"height: 300px; width: 300px; \" class=\"ult-ih-item ult-ih-effect2  ult-ih-right_to_left  \"><div class=\"ult-ih-image-block\" style=\"height: 300px; width: 300px; \">\t<div class=\"ult-ih-wrapper\" style=\"border-style: solid; border-color: rgba(255,255,255,0.2); border-width: 20px;\"><\/div>\t<img decoding=\"async\" class=\"ult-ih-image\" src=\"https:\/\/tabogaexpress.com\/wp-content\/uploads\/2016\/11\/TOUR-PAGE-IE.jpg\" alt=\"null\"><\/div><div class=\"ult-ih-info\" style=\"background-color: rgba(0,0,0,0.75); \">\t<div class=\"ult-ih-info-back\">\t<div class=\"ult-ih-content\">\t\t\t<div class=\"ult-ih-heading-block\" style=\"\">\t\t\t\t<h3 class=\"ult-ih-heading ult-responsive\" style=\"color:#ffffff;\"  data-ultimate-target='#ult-ih-list-item-6610 .ult-ih-heading'  data-responsive-json-new='{\"font-size\":\"desktop:22px;\",\"line-height\":\"desktop:28px;\"}' >$25 ISLAND EXCURSION<\/h3>\t\t\t<\/div>\t\t\t<div class=\"ult-ih-divider-block\" style=\"height:1px;\">\t\t\t\t<span class=\"ult-ih-line\" style=\"border-style:solid;border-color:rgba(255,255,255,0.75);width:100px;border-width:1px;\"><\/span>\t\t\t<\/div>\t\t\t<div class=\"ult-ih-description-block\" style=\"\">\t\t\t\t<div class=\"ult-ih-description ult-responsive\" style=\"color:#bbbbbb;\"  data-ultimate-target='#ult-ih-list-item-6610 .ult-ih-description, #ult-ih-list-item-6610 .ult-ih-description p'  data-responsive-json-new='{\"font-size\":\"desktop:12px;\",\"line-height\":\"desktop:18px;\"}' ><p><a href=\"https:\/\/tabogaexpress.com\/island-excursion\/\">Read More<\/a><\/p>\n\t\t\t\t<\/div>\t\t\t<\/div>\t<\/div>\t<\/div><\/div><\/div><\/a><\/li>\t<\/ul><\/div>[\/vc_column_inner][vc_column_inner width=\u00bb1\/4&#8243;]<div class=\"ult-ih-container ult-adjust-bottom-margin  \" >\t<ul class=\"ult-ih-list \"  data-shape=\"square\"  data-width=\"300\"  data-height=\"300\"  style=\"text-align:center; \"><li id=\"ult-ih-list-item-1472\" class=\"ult-ih-list-item\" style=\"height: 300px; width: 300px;  margin: 15px\"><a class=\"ult-ih-link\" href=\"http:\/\/tabogaexpress.com\/day-pass\/\"  ><div style=\"height: 300px; width: 300px; \" class=\"ult-ih-item ult-ih-effect2  ult-ih-right_to_left  \"><div class=\"ult-ih-image-block\" style=\"height: 300px; width: 300px; \">\t<div class=\"ult-ih-wrapper\" style=\"border-style: solid; border-color: rgba(255,255,255,0.2); border-width: 20px;\"><\/div>\t<img decoding=\"async\" class=\"ult-ih-image\" src=\"https:\/\/tabogaexpress.com\/wp-content\/uploads\/2016\/11\/TOUR-PAGE-DAYTOUR-1.jpg\" alt=\"null\"><\/div><div class=\"ult-ih-info\" style=\"background-color: rgba(0,0,0,0.75); \">\t<div class=\"ult-ih-info-back\">\t<div class=\"ult-ih-content\">\t\t\t<div class=\"ult-ih-heading-block\" style=\"\">\t\t\t\t<h3 class=\"ult-ih-heading ult-responsive\" style=\"color:#ffffff;\"  data-ultimate-target='#ult-ih-list-item-1472 .ult-ih-heading'  data-responsive-json-new='{\"font-size\":\"desktop:22px;\",\"line-height\":\"desktop:28px;\"}' >$65 DAY PASS<\/h3>\t\t\t<\/div>\t\t\t<div class=\"ult-ih-divider-block\" style=\"height:1px;\">\t\t\t\t<span class=\"ult-ih-line\" style=\"border-style:solid;border-color:rgba(255,255,255,0.75);width:100px;border-width:1px;\"><\/span>\t\t\t<\/div>\t\t\t<div class=\"ult-ih-description-block\" style=\"\">\t\t\t\t<div class=\"ult-ih-description ult-responsive\" style=\"color:#bbbbbb;\"  data-ultimate-target='#ult-ih-list-item-1472 .ult-ih-description, #ult-ih-list-item-1472 .ult-ih-description p'  data-responsive-json-new='{\"font-size\":\"desktop:12px;\",\"line-height\":\"desktop:18px;\"}' ><p><a href=\"http:\/\/tabogaexpress.com\/day-pass\">Read More<\/a><\/p>\n\t\t\t\t<\/div>\t\t\t<\/div>\t<\/div>\t<\/div><\/div><\/div><\/a><\/li>\t<\/ul><\/div>[\/vc_column_inner][vc_column_inner width=\u00bb1\/4&#8243;]<div class=\"ult-ih-container ult-adjust-bottom-margin  \" >\t<ul class=\"ult-ih-list \"  data-shape=\"square\"  data-width=\"300\"  data-height=\"300\"  style=\"text-align:center; \"><li id=\"ult-ih-list-item-7777\" class=\"ult-ih-list-item\" style=\"height: 300px; width: 300px;  margin: 15px\"><div style=\"height: 300px; width: 300px; \" class=\"ult-ih-item ult-ih-effect2  ult-ih-right_to_left   \"><div class=\"ult-ih-image-block\" style=\"height: 300px; width: 300px; \">\t<div class=\"ult-ih-wrapper\" style=\"border-style: solid; border-color: rgba(255,255,255,0.2); border-width: 20px;\"><\/div>\t<img decoding=\"async\" class=\"ult-ih-image\" src=\"https:\/\/tabogaexpress.com\/wp-content\/uploads\/2016\/11\/TOUR-PAGE-EE-ENG.jpg\" alt=\"null\"><\/div><div class=\"ult-ih-info\" style=\"background-color: rgba(0,0,0,0.75); \">\t<div class=\"ult-ih-info-back\">\t<div class=\"ult-ih-content\">\t\t\t<div class=\"ult-ih-heading-block\" style=\"\">\t\t\t\t<h3 class=\"ult-ih-heading ult-responsive\" style=\"color:#ffffff;\"  data-ultimate-target='#ult-ih-list-item-7777 .ult-ih-heading'  data-responsive-json-new='{\"font-size\":\"desktop:22px;\",\"line-height\":\"desktop:28px;\"}' >SPECIAL EVENTS<\/h3>\t\t\t<\/div>\t\t\t<div class=\"ult-ih-divider-block\" style=\"height:1px;\">\t\t\t\t<span class=\"ult-ih-line\" style=\"border-style:solid;border-color:rgba(255,255,255,0.75);width:100px;border-width:1px;\"><\/span>\t\t\t<\/div>\t\t\t<div class=\"ult-ih-description-block\" style=\"\">\t\t\t\t<div class=\"ult-ih-description ult-responsive\" style=\"color:#bbbbbb;\"  data-ultimate-target='#ult-ih-list-item-7777 .ult-ih-description, #ult-ih-list-item-7777 .ult-ih-description p'  data-responsive-json-new='{\"font-size\":\"desktop:12px;\",\"line-height\":\"desktop:18px;\"}' ><p><a href=\"http:\/\/tabogaexpress.com\/special-events\/\">Read more&#8230;<\/a><\/p>\n\t\t\t\t<\/div>\t\t\t<\/div>\t<\/div>\t<\/div><\/div><\/div><\/li>\t<\/ul><\/div>[\/vc_column_inner][\/vc_row_inner][\/vc_column][\/vc_row]<\/p>\n<\/div>","protected":false},"excerpt":{"rendered":"<p>[vc_row inner_container=\u00bbno\u00bb padding_top=\u00bb0&#8243; padding_bottom=\u00bb0&#8243;][vc_column][vc_empty_space height=\u00bb80px\u00bb][\/vc_column][\/vc_row][vc_row text_align=\u00bbcenter\u00bb type=\u00bbimage\u00bb padding_top=\u00bb100&#8243; bg_image=\u00bb905&#8243;][vc_column][vc_row_inner][vc_column_inner][vc_column_text] AVISTAMIENTO DE BALLENAS [\/vc_column_text][\/vc_column_inner][vc_column_inner width=\u00bb1\/2&#8243;][vc_images_carousel images=\u00bb1411,1763,1765,1124,1767,1762,1110,1769,1768&#8243; img_size=\u00bbfull\u00bb onclick=\u00bblink_no\u00bb][vc_column_text] $160 &#8211; Por persona (Se aceptan\u00a0abonos) DISPONIBLE TODOS LOS S\u00c1BADOS Y DOMINGOS DE JULIO A OCTUBRE 2018 [\/vc_column_text][vc_btn title=\u00bbRESERVAR AHORA\u00bb color=\u00bbgreen\u00bb i_align=\u00bbright\u00bb i_icon_fontawesome=\u00bbfa fa-whatsapp\u00bb add_icon=\u00bbtrue\u00bb][\/vc_column_inner][vc_column_inner width=\u00bb1\/2&#8243;][vc_column_text] \u00a1El escape perfecto del ruido de la ciudad! disfruta de un d\u00eda completo de avistamiento responsable de [&hellip;]<\/p>\n","protected":false},"author":5,"featured_media":0,"parent":0,"menu_order":0,"comment_status":"open","ping_status":"open","template":"page-templates\/full-width.php","meta":{"footnotes":""},"class_list":["post-1784","page","type-page","status-publish","hentry"],"_links":{"self":[{"href":"https:\/\/tabogaexpress.com\/es\/wp-json\/wp\/v2\/pages\/1784","targetHints":{"allow":["GET"]}}],"collection":[{"href":"https:\/\/tabogaexpress.com\/es\/wp-json\/wp\/v2\/pages"}],"about":[{"href":"https:\/\/tabogaexpress.com\/es\/wp-json\/wp\/v2\/types\/page"}],"author":[{"embeddable":true,"href":"https:\/\/tabogaexpress.com\/es\/wp-json\/wp\/v2\/users\/5"}],"replies":[{"embeddable":true,"href":"https:\/\/tabogaexpress.com\/es\/wp-json\/wp\/v2\/comments?post=1784"}],"version-history":[{"count":9,"href":"https:\/\/tabogaexpress.com\/es\/wp-json\/wp\/v2\/pages\/1784\/revisions"}],"predecessor-version":[{"id":1796,"href":"https:\/\/tabogaexpress.com\/es\/wp-json\/wp\/v2\/pages\/1784\/revisions\/1796"}],"wp:attachment":[{"href":"https:\/\/tabogaexpress.com\/es\/wp-json\/wp\/v2\/media?parent=1784"}],"curies":[{"name":"wp","href":"https:\/\/api.w.org\/{rel}","templated":true}]}}