{"id":961,"date":"2016-11-12T13:18:10","date_gmt":"2016-11-12T13:18:10","guid":{"rendered":"http:\/\/tabogaexpress.com\/es\/?page_id=961"},"modified":"2017-10-26T21:34:45","modified_gmt":"2017-10-26T21:34:45","slug":"sobre-taboga","status":"publish","type":"page","link":"https:\/\/tabogaexpress.com\/es\/sobre-taboga\/","title":{"rendered":"Sobre Taboga"},"content":{"rendered":"<div class=\"wpb-content-wrapper\"><p>[vc_row inner_container=\u00bbno\u00bb padding_top=\u00bb0&#8243; padding_bottom=\u00bb0&#8243;][vc_column][vc_empty_space height=\u00bb40px\u00bb][\/vc_column][\/vc_row][vc_row text_align=\u00bbcenter\u00bb type=\u00bbimage\u00bb padding_top=\u00bb100&#8243; bg_image=\u00bb905&#8243;][vc_column][vc_column_text]<\/p>\n<h1 style=\"text-align: center;\">TABOGA<\/h1>\n<h3 style=\"text-align: center;\">LA ISLA DE LAS FLORES<\/h3>\n<p>[\/vc_column_text][vc_row_inner][vc_column_inner width=\u00bb1\/2&#8243;][vc_column_text]<\/p>\n<p style=\"text-align: left;\"><span style=\"color: #000000;\">Para los Paname\u00f1os el nombre de Taboga est\u00e1 muy ligado al arte, a la m\u00fasica, a la literatura. Desde la ciudad capital se puede ver la silueta, y llegar a ella, cada vez es menos complicado. Lo que muchos desconocen es que Taboga ha sido, hist\u00f3ricamente, centro de muchos eventos trascendentales, y que sus callejuelas y vetustos edificios, recogen una tradici\u00f3n que no solo ha sido determinante para los Paname\u00f1os, sino para los ciudadanos de otras latitudes.<\/span><\/p>\n<div id=\"attachment_1049\" style=\"width: 310px\" class=\"wp-caption alignleft\"><img loading=\"lazy\" decoding=\"async\" aria-describedby=\"caption-attachment-1049\" class=\"size-medium wp-image-1049\" src=\"https:\/\/tabogaexpress.com\/wp-content\/uploads\/2016\/11\/IMG_4302-300x200-2-300x200.jpg\" alt=\"Iglesia De Isla Taboga\" width=\"300\" height=\"200\" \/><p id=\"caption-attachment-1049\" class=\"wp-caption-text\"><span style=\"color: #000000;\">Iglesia De Isla Taboga<\/span><\/p><\/div>\n<p style=\"text-align: left;\"><span style=\"color: #000000;\">La Isla de Taboga fue descubierta por Vasco N\u00fa\u00f1ez de Balboa, famoso descubridor del Mar del Sur (Oceano Pacifico) en el a\u00f1o 1513 y fue fundada por el Padre Hernando de Luque, el 29 de Junio de 1524 y bautizada con el nombre de San Pedro.<\/span><\/p>\n<p style=\"text-align: left;\"><span style=\"color: #000000;\">El pueblo de Taboga, fue fundado, alrededor de 1549, con una poblaci\u00f3n de esclavos. La isla tiene nombres que recuerdan su historia. Entre ellas est\u00e1n el nombrado Francisco Pizarro (el Conquistador Espa\u00f1ol), y la Subida del Coto.<\/span><\/p>\n<p style=\"text-align: left;\"><span style=\"color: #000000;\">El Pirata Morgan trajo sus bucaneros y galeones a un descanso en la isla, pero mientras se dedicaron a tomarse todo el vino del lugar.<\/span><\/p>\n<p style=\"text-align: left;\"><span style=\"color: #000000;\">La siempre tranquila Taboga albergo una base militar del ej\u00e9rcito de Estados Unidos, localizada en la cima del Cerro de la Cruz, que represento un gran impulso econ\u00f3mico, por el n\u00famero de soldados estacionados all\u00ed.<\/span><\/p>\n<p style=\"text-align: left;\"><span style=\"color: #000000;\">A\u00f1os despu\u00e9s de su descubrimiento la isla paso a llamarse Taboga, cual significa \u201d abundantes peces\u201d en lengua ind\u00edgena. Hoy d\u00eda la famosa Isla de la costa sur de Panam\u00e1, lleva como sobrenombre Isla de la Flores, por su colorida fauna y abundantes flores alrededor de la isla.<\/span><\/p>\n<p style=\"text-align: left;\"><span style=\"color: #000000;\">Taboga, desde 1885 empez\u00f3 a beneficiarse de los beneficios que se derivaban de la construcci\u00f3n del canal Franc\u00e9s, ya que desde inicios del ano mencionado. Se construy\u00f3 un Dispensario para convalecientes, con una capacidad para 25 pacientes, en una colina con excelente vista hacia el mar.<\/span><\/p>\n<p style=\"text-align: left;\"><span style=\"color: #000000;\">Se menciona que una de los pacientes m\u00e1s distinguidos fue el famoso pintor Franc\u00e9s Paul Gauguin, quien estuvo por varias semanas, recuper\u00e1ndose de una malaria. Despu\u00e9s prosigui\u00f3 viaje a las islas del Pacifico Sur, donde llego a pintar muchas de sus mejores obras.<\/span><\/p>\n<p style=\"text-align: left;\"><span style=\"color: #000000;\">Taboga se localiza a solo 10 millas de la Ciudad de Panam\u00e1, a solo 30 minutos en ferry con Taboga Express Fast Ferry desde la Calzada de Amador, Isla Perico, en Brisas de Amador.<\/span><\/p>\n<p style=\"text-align: left;\"><span style=\"color: #000000;\">Su per\u00edmetro de costa es de aproximadamente 8 millas, y est\u00e1 ubicada en el Golfo de Panam\u00e1 en el Oc\u00e9ano Pacifico.<\/span><\/p>\n<p>[\/vc_column_text][\/vc_column_inner][vc_column_inner width=\u00bb1\/2&#8243;][vc_empty_space height=\u00bb15px\u00bb][vc_single_image image=\u00bb994&#8243; img_size=\u00bbfull\u00bb style=\u00bbvc_box_shadow\u00bb][vc_single_image image=\u00bb906&#8243; img_size=\u00bbfull\u00bb][\/vc_column_inner][\/vc_row_inner][\/vc_column][\/vc_row][vc_row][vc_column width=\u00bb1\/4&#8243;][vc_video link=\u00bbhttps:\/\/www.youtube.com\/watch?v=1qX8R21EH4c\u00bb][\/vc_column][vc_column width=\u00bb1\/4&#8243;][vc_video link=\u00bbhttps:\/\/www.youtube.com\/watch?v=0vvtbHBrY8A&amp;t=9s\u00bb][\/vc_column][vc_column width=\u00bb1\/4&#8243;][vc_video link=\u00bbhttps:\/\/www.youtube.com\/watch?v=4ndj4skzLlM\u00bb][\/vc_column][vc_column width=\u00bb1\/4&#8243;][vc_video link=\u00bbhttps:\/\/www.youtube.com\/watch?v=agr-2X1X0xk\u00bb][\/vc_column][\/vc_row]<\/p>\n<\/div>","protected":false},"excerpt":{"rendered":"<p>[vc_row inner_container=\u00bbno\u00bb padding_top=\u00bb0&#8243; padding_bottom=\u00bb0&#8243;][vc_column][vc_empty_space height=\u00bb40px\u00bb][\/vc_column][\/vc_row][vc_row text_align=\u00bbcenter\u00bb type=\u00bbimage\u00bb padding_top=\u00bb100&#8243; bg_image=\u00bb905&#8243;][vc_column][vc_column_text] TABOGA LA ISLA DE LAS FLORES [\/vc_column_text][vc_row_inner][vc_column_inner width=\u00bb1\/2&#8243;][vc_column_text] Para los Paname\u00f1os el nombre de Taboga est\u00e1 muy ligado al arte, a la m\u00fasica, a la literatura. Desde la ciudad capital se puede ver la silueta, y llegar a ella, cada vez es menos complicado. Lo que muchos desconocen es que Taboga [&hellip;]<\/p>\n","protected":false},"author":1,"featured_media":0,"parent":0,"menu_order":0,"comment_status":"open","ping_status":"open","template":"page-templates\/full-width.php","meta":{"footnotes":""},"class_list":["post-961","page","type-page","status-publish","hentry"],"_links":{"self":[{"href":"https:\/\/tabogaexpress.com\/es\/wp-json\/wp\/v2\/pages\/961","targetHints":{"allow":["GET"]}}],"collection":[{"href":"https:\/\/tabogaexpress.com\/es\/wp-json\/wp\/v2\/pages"}],"about":[{"href":"https:\/\/tabogaexpress.com\/es\/wp-json\/wp\/v2\/types\/page"}],"author":[{"embeddable":true,"href":"https:\/\/tabogaexpress.com\/es\/wp-json\/wp\/v2\/users\/1"}],"replies":[{"embeddable":true,"href":"https:\/\/tabogaexpress.com\/es\/wp-json\/wp\/v2\/comments?post=961"}],"version-history":[{"count":7,"href":"https:\/\/tabogaexpress.com\/es\/wp-json\/wp\/v2\/pages\/961\/revisions"}],"predecessor-version":[{"id":1498,"href":"https:\/\/tabogaexpress.com\/es\/wp-json\/wp\/v2\/pages\/961\/revisions\/1498"}],"wp:attachment":[{"href":"https:\/\/tabogaexpress.com\/es\/wp-json\/wp\/v2\/media?parent=961"}],"curies":[{"name":"wp","href":"https:\/\/api.w.org\/{rel}","templated":true}]}}