{"id":962,"date":"2016-11-12T13:22:56","date_gmt":"2016-11-12T13:22:56","guid":{"rendered":"http:\/\/tabogaexpress.com\/es\/?page_id=962"},"modified":"2018-09-06T21:58:10","modified_gmt":"2018-09-06T21:58:10","slug":"sobre-nosotros","status":"publish","type":"page","link":"https:\/\/tabogaexpress.com\/es\/sobre-nosotros\/","title":{"rendered":"Nosotros"},"content":{"rendered":"<div class=\"wpb-content-wrapper\"><p>[vc_row inner_container=\u00bbno\u00bb padding_top=\u00bb0&#8243; padding_bottom=\u00bb0&#8243;][vc_column][vc_empty_space height=\u00bb40px\u00bb][\/vc_column][\/vc_row][vc_row text_align=\u00bbcenter\u00bb type=\u00bbimage\u00bb padding_top=\u00bb100&#8243; bg_image=\u00bb833&#8243;][vc_column][vc_column_text]<\/p>\n<h1 style=\"text-align: center;\">SOBRE TABOGA EXPRESS<\/h1>\n<p>[\/vc_column_text][vc_row_inner][vc_column_inner width=\u00bb1\/2&#8243;][vc_empty_space height=\u00bb20px\u00bb][vc_images_carousel images=\u00bb1124,1090,998,1095,1096,1086,901&#8243; img_size=\u00bblarge\u00bb onclick=\u00bblink_no\u00bb][\/vc_column_inner][vc_column_inner width=\u00bb1\/2&#8243;][vc_column_text]<\/p>\n<p style=\"text-align: left;\">Taboga Express Fast Ferry abrimos nuestras puertas en Octubre del 2015. Nuestra meta es brindar transporte seguro, r\u00e1pido, comodo y accesible para los residentes de la Isla de Taboga , y asi incrementar el turismo yla econom\u00eda de la isla. Esta hermosa isla tiene algo para cada uno \u2013 hermosas playas, la jungla, un pueblo rico en historia, y buena comida! La isla de Taboga es el \u00e1rea de playa mas cerca y conveniente de la ciudad de panam\u00e1; usted est\u00e1 a solo 30 minutos de viaje a hermosas playas comparado a 2 horas de manejo a las playas aleda\u00f1as.<\/p>\n<p style=\"text-align: left;\">Nuestros ferries operan atravez del area de anclaje del canal de panama, lo que quiere decir que tendr\u00e1 grandiosas vista de las inmensas embarcaciones ancladas o cruzando y esperando su turno para entrar al canal de panam\u00e1. Nuestros ferries lo llevaran cerca de las inmensas embarcaciones donde podr\u00e1 saludar al capit\u00e1n y a su tripulaci\u00f3n!<\/p>\n<p style=\"text-align: left;\">Toda nuestra tripulacion estan autorizados por la autoridad mar\u00edtima de panam\u00e1 (tambi\u00e9n conocido como AMP) y est\u00e1n completamente calificados en primeros auxilios e incendios. Las embarcaciones de Taboga Express Fast Ferry`s est\u00e1n completamente autorizadas e inspeccionadas por la AMP y todo el equipo salvavidas a bordo cumplen con los est\u00e1ndares y requisitos de la organizaci\u00f3n mar\u00edtima internacional (OMI). Nuestras embarcaciones tambi\u00e9n est\u00e1n completamente aseguradas para operar en \u201cOperaciones comerciales de pasajeros\u201d; este seguro incluye la 3rd este seguro la responsabilidad civil en caso de lesi\u00f3n o accidente. Todas nuestras embarcaciones llevan lo \u00faltimo en aparatos electr\u00f3nicos de navegaci\u00f3n como de comunicaci\u00f3n incluyendo GPS, AIS, RADAR, VHF radios.<\/p>\n<p style=\"text-align: left;\">Taboga Express Fast Ferry opera desde el centro comercial Fuerte Amador, Isla Flamenco en el Causeway de Amador. V\u00e9a a continuaci\u00f3n para un mapa y direcci\u00f3n de nuestra ubicaci\u00f3n. Usted puede contactarnos info@tabogaexpress.como o llamarnos al (507) 6234 8989.<\/p>\n<p>[\/vc_column_text][\/vc_column_inner][\/vc_row_inner][vc_separator][\/vc_column][\/vc_row][vc_row text_align=\u00bbcenter\u00bb text_color=\u00bb#ffffff\u00bb parallax_speed=\u00bb0.01&#8243; enable_parallax=\u00bbfalse\u00bb][vc_column width=\u00bb1\/4&#8243;][vc_video link=\u00bbhttps:\/\/www.youtube.com\/watch?v=1qX8R21EH4c\u00bb][\/vc_column][vc_column width=\u00bb1\/4&#8243;][vc_video link=\u00bbhttps:\/\/www.youtube.com\/watch?v=0vvtbHBrY8A&amp;t=9s\u00bb align=\u00bbcenter\u00bb][\/vc_column][vc_column width=\u00bb1\/4&#8243;][vc_video link=\u00bbhttps:\/\/www.youtube.com\/watch?v=4ndj4skzLlM\u00bb align=\u00bbcenter\u00bb][\/vc_column][vc_column width=\u00bb1\/4&#8243;][vc_video link=\u00bbhttps:\/\/www.youtube.com\/watch?v=agr-2X1X0xk\u00bb][\/vc_column][\/vc_row][vc_row text_align=\u00bbcenter\u00bb text_color=\u00bb#ffffff\u00bb type=\u00bbimage\u00bb bg_cover=\u00bbfalse\u00bb parallax_speed=\u00bb0.01&#8243; enable_parallax=\u00bbfalse\u00bb bg_image=\u00bb845&#8243;][vc_column][vc_column_text]<\/p>\n<h1 style=\"text-align: center;\">NUESTRAS EMBARCACIONES<\/h1>\n<p>[\/vc_column_text][vc_row_inner][vc_column_inner width=\u00bb1\/2&#8243;][vc_single_image image=\u00bb1411&#8243; img_size=\u00bb610&#215;407&#8243;]<div class=\"ult_pricing_table_wrap ult_info_table ult_design_5  ult-cs-blue  \">\r\n\t\t\t\t\t<div class=\"ult_pricing_table \" style=\" \"><div id=\"Info-table-wrap-4481\" class=\"ult_pricing_heading\" style=\"\">\r\n\t\t\t\t\t\t\t<h3 class=\"ult-responsive\"  data-ultimate-target='#Info-table-wrap-4481 h3'  data-responsive-json-new='{\"font-size\":\"desktop:25px;\",\"line-height\":\"\"}'  style=\"font-weight:bold;\">Taboga Express<\/h3><\/div><!--ult_pricing_heading--><div class=\"ult_price_body_block\" style=\"\">\r\n\t\t\t\t\t\t\t<div class=\"ult_price_body\">\r\n\t\t\t\t\t\t\t\t<div class=\"ult_price\">\r\n\t\t\t\t\t\t\t\t\t<div class=\"ult-just-icon-wrapper  \"><div class=\"align-icon\" style=\"text-align:center;\"><\/div><\/div>\r\n\t\t\t\t\t\t\t\t<\/div>\r\n\t\t\t\t\t\t\t<\/div>\r\n\t\t\t\t\t\t<\/div><!--ult_price_body_block--><div id=\"info_table_features_wrap-3616\"  data-ultimate-target='#info_table_features_wrap-3616.ult_price_features'  data-responsive-json-new='{\"font-size\":\"\",\"line-height\":\"\"}'  class=\"ult-responsive ult_price_features\" style=\"font-weight:normal;\">\r\n\t\t\t\t\t\t\t<p class=\"p1\"><span class=\"s1\">Flag: Panama<\/span><\/p>\n<p class=\"p1\"><span class=\"s1\">Speed: 22<\/span><\/p>\n<p class=\"p1\"><span class=\"s1\">Seats: 129<\/span><\/p>\n<p class=\"p1\"><span class=\"s1\">Engines: Iveco<\/span><\/p>\n<p class=\"p1\"><span class=\"s1\">Built: Cooper Marine<\/span><\/p>\n\r\n\t\t\t\t\t\t<\/div><!--ult_price_features--><div class=\"ult_clr\"><\/div>\r\n\t\t\t<\/div><!--pricing_table-->\r\n\t\t<\/div><!--pricing_table_wrap-->[\/vc_column_inner][vc_column_inner width=\u00bb1\/2&#8243;][vc_single_image image=\u00bb1042&#8243; img_size=\u00bb610&#215;407&#8243;]<div class=\"ult_pricing_table_wrap ult_info_table ult_design_5  ult-cs-blue  \">\r\n\t\t\t\t\t<div class=\"ult_pricing_table \" style=\" \"><div id=\"Info-table-wrap-6101\" class=\"ult_pricing_heading\" style=\"\">\r\n\t\t\t\t\t\t\t<h3 class=\"ult-responsive\"  data-ultimate-target='#Info-table-wrap-6101 h3'  data-responsive-json-new='{\"font-size\":\"desktop:25px;\",\"line-height\":\"\"}'  style=\"font-weight:bold;\">Island Express II<\/h3><\/div><!--ult_pricing_heading--><div class=\"ult_price_body_block\" style=\"\">\r\n\t\t\t\t\t\t\t<div class=\"ult_price_body\">\r\n\t\t\t\t\t\t\t\t<div class=\"ult_price\">\r\n\t\t\t\t\t\t\t\t\t<div class=\"ult-just-icon-wrapper  \"><div class=\"align-icon\" style=\"text-align:center;\"><\/div><\/div>\r\n\t\t\t\t\t\t\t\t<\/div>\r\n\t\t\t\t\t\t\t<\/div>\r\n\t\t\t\t\t\t<\/div><!--ult_price_body_block--><div id=\"info_table_features_wrap-4835\"  data-ultimate-target='#info_table_features_wrap-4835.ult_price_features'  data-responsive-json-new='{\"font-size\":\"\",\"line-height\":\"\"}'  class=\"ult-responsive ult_price_features\" style=\"font-weight:normal;\">\r\n\t\t\t\t\t\t\t<p class=\"p1\"><span class=\"s1\">Flag: Panama<\/span><\/p>\n<p class=\"p1\"><span class=\"s1\">Speed: 22<\/span><\/p>\n<p class=\"p1\"><span class=\"s1\">Seats: 64<\/span><\/p>\n<p class=\"p1\"><span class=\"s1\">Engines: Yanmar<\/span><\/p>\n<p class=\"p1\"><span class=\"s1\">Built: Gold Coast Yachts<\/span><\/p>\n\r\n\t\t\t\t\t\t<\/div><!--ult_price_features--><div class=\"ult_clr\"><\/div>\r\n\t\t\t<\/div><!--pricing_table-->\r\n\t\t<\/div><!--pricing_table_wrap-->[\/vc_column_inner][\/vc_row_inner][\/vc_column][\/vc_row]<\/p>\n<\/div>","protected":false},"excerpt":{"rendered":"<p>[vc_row inner_container=\u00bbno\u00bb padding_top=\u00bb0&#8243; padding_bottom=\u00bb0&#8243;][vc_column][vc_empty_space height=\u00bb40px\u00bb][\/vc_column][\/vc_row][vc_row text_align=\u00bbcenter\u00bb type=\u00bbimage\u00bb padding_top=\u00bb100&#8243; bg_image=\u00bb833&#8243;][vc_column][vc_column_text] SOBRE TABOGA EXPRESS [\/vc_column_text][vc_row_inner][vc_column_inner width=\u00bb1\/2&#8243;][vc_empty_space height=\u00bb20px\u00bb][vc_images_carousel images=\u00bb1124,1090,998,1095,1096,1086,901&#8243; img_size=\u00bblarge\u00bb onclick=\u00bblink_no\u00bb][\/vc_column_inner][vc_column_inner width=\u00bb1\/2&#8243;][vc_column_text] Taboga Express Fast Ferry abrimos nuestras puertas en Octubre del 2015. Nuestra meta es brindar transporte seguro, r\u00e1pido, comodo y accesible para los residentes de la Isla de Taboga , y asi incrementar el turismo yla econom\u00eda de la isla. Esta [&hellip;]<\/p>\n","protected":false},"author":1,"featured_media":0,"parent":0,"menu_order":0,"comment_status":"open","ping_status":"open","template":"page-templates\/full-width.php","meta":{"footnotes":""},"class_list":["post-962","page","type-page","status-publish","hentry"],"_links":{"self":[{"href":"https:\/\/tabogaexpress.com\/es\/wp-json\/wp\/v2\/pages\/962","targetHints":{"allow":["GET"]}}],"collection":[{"href":"https:\/\/tabogaexpress.com\/es\/wp-json\/wp\/v2\/pages"}],"about":[{"href":"https:\/\/tabogaexpress.com\/es\/wp-json\/wp\/v2\/types\/page"}],"author":[{"embeddable":true,"href":"https:\/\/tabogaexpress.com\/es\/wp-json\/wp\/v2\/users\/1"}],"replies":[{"embeddable":true,"href":"https:\/\/tabogaexpress.com\/es\/wp-json\/wp\/v2\/comments?post=962"}],"version-history":[{"count":9,"href":"https:\/\/tabogaexpress.com\/es\/wp-json\/wp\/v2\/pages\/962\/revisions"}],"predecessor-version":[{"id":1857,"href":"https:\/\/tabogaexpress.com\/es\/wp-json\/wp\/v2\/pages\/962\/revisions\/1857"}],"wp:attachment":[{"href":"https:\/\/tabogaexpress.com\/es\/wp-json\/wp\/v2\/media?parent=962"}],"curies":[{"name":"wp","href":"https:\/\/api.w.org\/{rel}","templated":true}]}}