{"id":966,"date":"2016-11-12T13:36:07","date_gmt":"2016-11-12T13:36:07","guid":{"rendered":"http:\/\/tabogaexpress.com\/es\/?page_id=966"},"modified":"2025-11-04T15:51:42","modified_gmt":"2025-11-04T15:51:42","slug":"boletos","status":"publish","type":"page","link":"https:\/\/tabogaexpress.com\/es\/boletos\/","title":{"rendered":"Boletos"},"content":{"rendered":"<div class=\"wpb-content-wrapper\"><p>[vc_row inner_container=\u00bbno\u00bb padding_top=\u00bb0&#8243; padding_bottom=\u00bb0&#8243;][vc_column][vc_empty_space][vc_empty_space][vc_empty_space][\/vc_column][\/vc_row][vc_row text_align=\u00bbcenter\u00bb type=\u00bbimage\u00bb padding_top=\u00bb100&#8243; bg_image=\u00bb905&#8243;][vc_column width=\u00bb1\/2&#8243;][vc_column_text]<\/p>\n<h2 style=\"text-align: center;\">BOLETOS Y HORARIO<\/h2>\n<p>[\/vc_column_text][vc_single_image source=\u00bbexternal_link\u00bb alignment=\u00bbcenter\u00bb onclick=\u00bblink_image\u00bb custom_src=\u00bbhttp:\/\/tabogaexpress.com\/wp-content\/uploads\/2024\/09\/taboga-schedules.jpg\u00bb][vc_empty_space][vc_btn title=\u00bbReservar\u00bb style=\u00bb3d\u00bb color=\u00bbgreen\u00bb align=\u00bbcenter\u00bb i_icon_fontawesome=\u00bbfa fa-calendar\u00bb add_icon=\u00bbtrue\u00bb link=\u00bburl:%2F%3Fpage_id%3D1255|\u00bb][vc_column_text font_size=\u00bb18px\u00bb]<\/p>\n<p class=\"p1\" style=\"text-align: justify;\">Puede comunicarse con nuestra oficina al (507) 6234-8989 o pasar por nuestra Area de Ventas ubicada en el centro comercial Fuerte Amador, Isla Flamenco, en la Calzada de Amador. Aceptamos pagos\u00a0con Visa, Mastercard, Clave o en efectivo. \u00a0Haga clic abajo para ver un mapa a nuestra ubicaci\u00f3n.<\/p>\n<p style=\"text-align: justify;\">Estamos en Waze, Uber y Google Maps como \u00abTaboga Express Fast Ferry\u00bb.<\/p>\n<p style=\"text-align: justify;\">Hay un cajero autom\u00e1tico disponible a corta distancia a pie de la ubicaci\u00f3n de Check-In. Solo hay un cajero autom\u00e1tico de Banco Nacional disponible en Isla Taboga.<\/p>\n<p style=\"text-align: justify;\">Recuerde llevar consigo siempre su pasaporte cuando viaje a un pa\u00eds extranjero. Las inspecciones de seguridad ocurren en todas las \u00e1reas de nuestro hermoso pa\u00eds, y es importante tener su informaci\u00f3n con usted para evitar problemas.<\/p>\n<p>[\/vc_column_text][\/vc_column][vc_column width=\u00bb1\/2&#8243;][vc_single_image image=\u00bb2394&#8243; img_size=\u00bblarge\u00bb alignment=\u00bbcenter\u00bb onclick=\u00bblink_image\u00bb css=\u00bb\u00bb][\/vc_column][\/vc_row][vc_row][vc_column][vc_column_text font_size=\u00bb18&#8243;]<\/p>\n<h2>Ubicaci\u00f3n<\/h2>\n<p>Puede encontrarnos enel centro comercial Fuerte Amador, Isla Flamenco, Calzada de Amador, Ciudad de Panam\u00e1[\/vc_column_text][vc_gmaps link=\u00bb#E-8_JTNDaWZyYW1lJTIwc3JjJTNEJTIyaHR0cHMlM0ElMkYlMkZ3d3cuZ29vZ2xlLmNvbSUyRm1hcHMlMkZlbWJlZCUzRnBiJTNEJTIxMW0xOCUyMTFtMTIlMjExbTMlMjExZDU2NzEuNzEwNDUwMDgxODIlMjEyZC03OS41MzIwMTc5NTUzOTUlMjEzZDguOTE2MTA5MTcyMTc3MTQlMjEybTMlMjExZjAlMjEyZjAlMjEzZjAlMjEzbTIlMjExaTEwMjQlMjEyaTc2OCUyMTRmMTMuMSUyMTNtMyUyMTFtMiUyMTFzMHgwJTI1M0EweDcyN2E4NDgxN2IzOTlmM2YlMjEyc1RhYm9nYSUyQkV4cHJlc3MlMkJGYXN0JTJCRmVycnklMjE1ZTAlMjEzbTIlMjExc2VzJTIxMnNlcyUyMTR2MTQ5OTQzNjE3NDE5MSUyMiUyMHdpZHRoJTNEJTIyNjAwJTIyJTIwaGVpZ2h0JTNEJTIyNDUwJTIyJTIwZnJhbWVib3JkZXIlM0QlMjIwJTIyJTIwc3R5bGUlM0QlMjJib3JkZXIlM0EwJTIyJTIwYWxsb3dmdWxsc2NyZWVuJTNFJTNDJTJGaWZyYW1lJTNF\u00bb][\/vc_column][\/vc_row]<\/p>\n<\/div>","protected":false},"excerpt":{"rendered":"<p>[vc_row inner_container=\u00bbno\u00bb padding_top=\u00bb0&#8243; padding_bottom=\u00bb0&#8243;][vc_column][vc_empty_space][vc_empty_space][vc_empty_space][\/vc_column][\/vc_row][vc_row text_align=\u00bbcenter\u00bb type=\u00bbimage\u00bb padding_top=\u00bb100&#8243; bg_image=\u00bb905&#8243;][vc_column width=\u00bb1\/2&#8243;][vc_column_text] BOLETOS Y HORARIO [\/vc_column_text][vc_single_image source=\u00bbexternal_link\u00bb alignment=\u00bbcenter\u00bb onclick=\u00bblink_image\u00bb custom_src=\u00bbhttp:\/\/tabogaexpress.com\/wp-content\/uploads\/2024\/09\/taboga-schedules.jpg\u00bb][vc_empty_space][vc_btn title=\u00bbReservar\u00bb style=\u00bb3d\u00bb color=\u00bbgreen\u00bb align=\u00bbcenter\u00bb i_icon_fontawesome=\u00bbfa fa-calendar\u00bb add_icon=\u00bbtrue\u00bb link=\u00bburl:%2F%3Fpage_id%3D1255|\u00bb][vc_column_text font_size=\u00bb18px\u00bb] Puede comunicarse con nuestra oficina al (507) 6234-8989 o pasar por nuestra Area de Ventas ubicada en el centro comercial Fuerte Amador, Isla Flamenco, en la Calzada de Amador. Aceptamos pagos\u00a0con Visa, Mastercard, Clave [&hellip;]<\/p>\n","protected":false},"author":1,"featured_media":0,"parent":0,"menu_order":0,"comment_status":"open","ping_status":"open","template":"page-templates\/full-width.php","meta":{"footnotes":""},"class_list":["post-966","page","type-page","status-publish","hentry"],"_links":{"self":[{"href":"https:\/\/tabogaexpress.com\/es\/wp-json\/wp\/v2\/pages\/966","targetHints":{"allow":["GET"]}}],"collection":[{"href":"https:\/\/tabogaexpress.com\/es\/wp-json\/wp\/v2\/pages"}],"about":[{"href":"https:\/\/tabogaexpress.com\/es\/wp-json\/wp\/v2\/types\/page"}],"author":[{"embeddable":true,"href":"https:\/\/tabogaexpress.com\/es\/wp-json\/wp\/v2\/users\/1"}],"replies":[{"embeddable":true,"href":"https:\/\/tabogaexpress.com\/es\/wp-json\/wp\/v2\/comments?post=966"}],"version-history":[{"count":10,"href":"https:\/\/tabogaexpress.com\/es\/wp-json\/wp\/v2\/pages\/966\/revisions"}],"predecessor-version":[{"id":2396,"href":"https:\/\/tabogaexpress.com\/es\/wp-json\/wp\/v2\/pages\/966\/revisions\/2396"}],"wp:attachment":[{"href":"https:\/\/tabogaexpress.com\/es\/wp-json\/wp\/v2\/media?parent=966"}],"curies":[{"name":"wp","href":"https:\/\/api.w.org\/{rel}","templated":true}]}}