{"id":967,"date":"2016-11-12T13:40:18","date_gmt":"2016-11-12T13:40:18","guid":{"rendered":"http:\/\/tabogaexpress.com\/es\/?page_id=967"},"modified":"2025-11-08T16:41:50","modified_gmt":"2025-11-08T16:41:50","slug":"tours","status":"publish","type":"page","link":"https:\/\/tabogaexpress.com\/es\/tours\/","title":{"rendered":"Tours"},"content":{"rendered":"<div class=\"wpb-content-wrapper\"><p>[vc_row text_align=\u00bbcenter\u00bb type=\u00bbimage\u00bb padding_top=\u00bb100&#8243; bg_image=\u00bb905&#8243;][vc_column][vc_column_text font_size=\u00bb24px\u00bb]<\/p>\n<h2 style=\"text-align: center;\">\u00a1La playa m\u00e1s cercana a la Ciudad de Panam\u00e1!<\/h2>\n<h3>Acomp\u00e1\u00f1enos en un relajante d\u00eda en la hermosa Isla de Taboga. Este lugar m\u00e1gico es la playa m\u00e1s cercana a la Ciudad de Panam\u00e1. Sin necesidad de manejar 2 horas en la autopista para encontrar una playa. &nbsp;Isla Taboga esta a solo 30 minutos de viaje en nuestro ferry a trav\u00e9s del \u00e1rea de anclaje del Canal de Panam\u00e1.<\/h3>\n<p><span style=\"color: #ff0000;\">**Requiere Reservacion Adelantada<\/span>[\/vc_column_text][vc_row_inner][vc_column_inner width=\u00bb1\/3&#8243;]<div class=\"ult-ih-container ult-adjust-bottom-margin  \" >\t<ul class=\"ult-ih-list \"  data-shape=\"square\"  data-width=\"250\"  data-height=\"250\"  style=\"text-align:center; \"><li id=\"ult-ih-list-item-8122\" class=\"ult-ih-list-item\" style=\"height: 250px; width: 250px;  margin: 15px\"><a class=\"ult-ih-link\" href=\"http:\/\/tabogaexpress.com\/es\/roundtrip\/\"  ><div style=\"height: 250px; width: 250px; \" class=\"ult-ih-item ult-ih-effect2  ult-ih-right_to_left  \"><div class=\"ult-ih-image-block\" style=\"height: 250px; width: 250px; \">\t<div class=\"ult-ih-wrapper\" style=\"border-style: solid; border-color: rgba(255,255,255,0.2); border-width: 20px;\"><\/div>\t<img decoding=\"async\" class=\"ult-ih-image\" src=\"https:\/\/tabogaexpress.com\/wp-content\/uploads\/2016\/11\/TOUR-PAGE-ROUNDTRIP-ES.jpg\" alt=\"null\"><\/div><div class=\"ult-ih-info\" style=\"background-color: rgba(0,0,0,0.75); \">\t<div class=\"ult-ih-info-back\">\t<div class=\"ult-ih-content\">\t\t\t<div class=\"ult-ih-heading-block\" style=\"\">\t\t\t\t<h3 class=\"ult-ih-heading ult-responsive\" style=\"color:#ffffff;\"  data-ultimate-target='#ult-ih-list-item-8122 .ult-ih-heading'  data-responsive-json-new='{\"font-size\":\"desktop:22px;\",\"line-height\":\"desktop:28px;\"}' >$30 Ida y Vuelta<\/h3>\t\t\t<\/div>\t\t\t<div class=\"ult-ih-divider-block\" style=\"height:1px;\">\t\t\t\t<span class=\"ult-ih-line\" style=\"border-style:solid;border-color:rgba(255,255,255,0.75);width:100px;border-width:1px;\"><\/span>\t\t\t<\/div>\t\t\t<div class=\"ult-ih-description-block\" style=\"\">\t\t\t\t<div class=\"ult-ih-description ult-responsive\" style=\"color:#bbbbbb;\"  data-ultimate-target='#ult-ih-list-item-8122 .ult-ih-description, #ult-ih-list-item-8122 .ult-ih-description p'  data-responsive-json-new='{\"font-size\":\"desktop:12px;\",\"line-height\":\"desktop:18px;\"}' ><p><a href=\"https:\/\/tabogaexpress.com\/es\/roundtrip\/\">Leer m\u00e1s<\/a><\/p>\n\t\t\t\t<\/div>\t\t\t<\/div>\t<\/div>\t<\/div><\/div><\/div><\/a><\/li>\t<\/ul><\/div>[\/vc_column_inner][vc_column_inner width=\u00bb1\/3&#8243;]<div class=\"ult-ih-container ult-adjust-bottom-margin  \" >\t<ul class=\"ult-ih-list \"  data-shape=\"square\"  data-width=\"250\"  data-height=\"250\"  style=\"text-align:center; \"><li id=\"ult-ih-list-item-1596\" class=\"ult-ih-list-item\" style=\"height: 250px; width: 250px;  margin: 15px\"><a class=\"ult-ih-link\" href=\"http:\/\/tabogaexpress.com\/es\/island-excursion\/\"  ><div style=\"height: 250px; width: 250px; \" class=\"ult-ih-item ult-ih-effect2  ult-ih-right_to_left  \"><div class=\"ult-ih-image-block\" style=\"height: 250px; width: 250px; \">\t<div class=\"ult-ih-wrapper\" style=\"border-style: solid; border-color: rgba(255,255,255,0.2); border-width: 20px;\"><\/div>\t<img decoding=\"async\" class=\"ult-ih-image\" src=\"https:\/\/tabogaexpress.com\/wp-content\/uploads\/2016\/11\/TOUR-PAGE-IE-ES.jpg\" alt=\"null\"><\/div><div class=\"ult-ih-info\" style=\"background-color: rgba(0,0,0,0.75); \">\t<div class=\"ult-ih-info-back\">\t<div class=\"ult-ih-content\">\t\t\t<div class=\"ult-ih-heading-block\" style=\"\">\t\t\t\t<h3 class=\"ult-ih-heading ult-responsive\" style=\"color:#ffffff;\"  data-ultimate-target='#ult-ih-list-item-1596 .ult-ih-heading'  data-responsive-json-new='{\"font-size\":\"desktop:22px;\",\"line-height\":\"desktop:28px;\"}' >$40 Excursion a la Isla<\/h3>\t\t\t<\/div>\t\t\t<div class=\"ult-ih-divider-block\" style=\"height:1px;\">\t\t\t\t<span class=\"ult-ih-line\" style=\"border-style:solid;border-color:rgba(255,255,255,0.75);width:100px;border-width:1px;\"><\/span>\t\t\t<\/div>\t\t\t<div class=\"ult-ih-description-block\" style=\"\">\t\t\t\t<div class=\"ult-ih-description ult-responsive\" style=\"color:#bbbbbb;\"  data-ultimate-target='#ult-ih-list-item-1596 .ult-ih-description, #ult-ih-list-item-1596 .ult-ih-description p'  data-responsive-json-new='{\"font-size\":\"desktop:12px;\",\"line-height\":\"desktop:18px;\"}' ><p><a href=\"http:\/\/: https:\/\/tabogaexpress.com\/es\/island-excursion\/\">leer mas<\/a><\/p>\n\t\t\t\t<\/div>\t\t\t<\/div>\t<\/div>\t<\/div><\/div><\/div><\/a><\/li>\t<\/ul><\/div>[\/vc_column_inner][vc_column_inner width=\u00bb1\/3&#8243;]<div class=\"ult-ih-container ult-adjust-bottom-margin  \" >\t<ul class=\"ult-ih-list \"  data-shape=\"square\"  data-width=\"250\"  data-height=\"250\"  style=\"text-align:center; \"><li id=\"ult-ih-list-item-1864\" class=\"ult-ih-list-item\" style=\"height: 250px; width: 250px;  margin: 15px\"><a class=\"ult-ih-link\" href=\"http:\/\/tabogaexpress.com\/es\/day-pass\/\"  ><div style=\"height: 250px; width: 250px; \" class=\"ult-ih-item ult-ih-effect2  ult-ih-right_to_left  \"><div class=\"ult-ih-image-block\" style=\"height: 250px; width: 250px; \">\t<div class=\"ult-ih-wrapper\" style=\"border-style: solid; border-color: rgba(255,255,255,0.2); border-width: 20px;\"><\/div>\t<img decoding=\"async\" class=\"ult-ih-image\" src=\"https:\/\/tabogaexpress.com\/wp-content\/uploads\/2016\/11\/TOUR-PAGE-DAYTOUR-ES.jpg\" alt=\"null\"><\/div><div class=\"ult-ih-info\" style=\"background-color: rgba(0,0,0,0.75); \">\t<div class=\"ult-ih-info-back\">\t<div class=\"ult-ih-content\">\t\t\t<div class=\"ult-ih-heading-block\" style=\"\">\t\t\t\t<h3 class=\"ult-ih-heading ult-responsive\" style=\"color:#ffffff;\"  data-ultimate-target='#ult-ih-list-item-1864 .ult-ih-heading'  data-responsive-json-new='{\"font-size\":\"desktop:22px;\",\"line-height\":\"desktop:28px;\"}' >$80 Pasad\u00eda<\/h3>\t\t\t<\/div>\t\t\t<div class=\"ult-ih-divider-block\" style=\"height:1px;\">\t\t\t\t<span class=\"ult-ih-line\" style=\"border-style:solid;border-color:rgba(255,255,255,0.75);width:100px;border-width:1px;\"><\/span>\t\t\t<\/div>\t\t\t<div class=\"ult-ih-description-block\" style=\"\">\t\t\t\t<div class=\"ult-ih-description ult-responsive\" style=\"color:#bbbbbb;\"  data-ultimate-target='#ult-ih-list-item-1864 .ult-ih-description, #ult-ih-list-item-1864 .ult-ih-description p'  data-responsive-json-new='{\"font-size\":\"desktop:12px;\",\"line-height\":\"desktop:18px;\"}' ><p><a href=\"https:\/\/tabogaexpress.com\/es\/day-pass\/\">Leer m\u00e1s<\/a><\/p>\n\t\t\t\t<\/div>\t\t\t<\/div>\t<\/div>\t<\/div><\/div><\/div><\/a><\/li>\t<\/ul><\/div>[\/vc_column_inner][\/vc_row_inner][\/vc_column][\/vc_row][vc_row thumb_shape=\u00bbsquare\u00bb thumb_height_width=\u00bb300&#8243; responsive_size=\u00bbon\u00bb res_thumb_height_width=\u00bb\u00bb gutter_width=\u00bb\u00bb align=\u00bbcenter\u00bb][vc_column width=\u00bb1\/3&#8243;]<div class=\"ult-ih-container ult-adjust-bottom-margin  \" >\t<ul class=\"ult-ih-list \"  data-shape=\"square\"  data-width=\"300\"  data-height=\"300\"  style=\"text-align:center; \"><li id=\"ult-ih-list-item-5861\" class=\"ult-ih-list-item\" style=\"height: 300px; width: 300px;  margin: 15px\"><a class=\"ult-ih-link\" href=\"http:\/\/tabogaexpress.com\/es\/deluxe-daypass\/\"  ><div style=\"height: 300px; width: 300px; \" class=\"ult-ih-item ult-ih-effect2  ult-ih-right_to_left  \"><div class=\"ult-ih-image-block\" style=\"height: 300px; width: 300px; \">\t<div class=\"ult-ih-wrapper\" style=\"border-style: solid; border-color: rgba(255,255,255,0.2); border-width: 20px;\"><\/div>\t<img decoding=\"async\" class=\"ult-ih-image\" src=\"https:\/\/tabogaexpress.com\/wp-content\/uploads\/2016\/11\/DAYTOUR-DEL-ES.jpg\" alt=\"null\"><\/div><div class=\"ult-ih-info\" style=\"background-color: rgba(0,0,0,0.75); \">\t<div class=\"ult-ih-info-back\">\t<div class=\"ult-ih-content\">\t\t\t<div class=\"ult-ih-heading-block\" style=\"\">\t\t\t\t<h3 class=\"ult-ih-heading ult-responsive\" style=\"color:#ffffff;\"  data-ultimate-target='#ult-ih-list-item-5861 .ult-ih-heading'  data-responsive-json-new='{\"font-size\":\"desktop:22px;\",\"line-height\":\"desktop:28px;\"}' >Pasad\u00eda Deluxe $150<\/h3>\t\t\t<\/div>\t\t\t<div class=\"ult-ih-divider-block\" style=\"height:1px;\">\t\t\t\t<span class=\"ult-ih-line\" style=\"border-style:solid;border-color:rgba(255,255,255,0.75);width:100px;border-width:1px;\"><\/span>\t\t\t<\/div>\t\t\t<div class=\"ult-ih-description-block\" style=\"\">\t\t\t\t<div class=\"ult-ih-description ult-responsive\" style=\"color:#bbbbbb;\"  data-ultimate-target='#ult-ih-list-item-5861 .ult-ih-description, #ult-ih-list-item-5861 .ult-ih-description p'  data-responsive-json-new='{\"font-size\":\"desktop:12px;\",\"line-height\":\"desktop:18px;\"}' ><p><a href=\"http:\/\/tabogaexpress.com\/es\/deluxe-daypass\/\">Leer m\u00e1s<\/a><\/p>\n\t\t\t\t<\/div>\t\t\t<\/div>\t<\/div>\t<\/div><\/div><\/div><\/a><\/li>\t<\/ul><\/div>[\/vc_column][vc_column width=\u00bb1\/3&#8243;]<div class=\"ult-ih-container ult-adjust-bottom-margin  \" >\t<ul class=\"ult-ih-list \"  data-shape=\"square\"  data-width=\"300\"  data-height=\"300\"  style=\"text-align:center; \"><li id=\"ult-ih-list-item-8254\" class=\"ult-ih-list-item\" style=\"height: 300px; width: 300px;  margin: 15px\"><div style=\"height: 300px; width: 300px; \" class=\"ult-ih-item ult-ih-effect1    ult-ih-top_to_bottom \"><div class=\"ult-ih-image-block\" style=\"height: 300px; width: 300px; \">\t<div class=\"ult-ih-wrapper\" style=\"border-style: solid; border-color: rgba(255,255,255,0.2); border-width: 20px;\"><\/div>\t<img decoding=\"async\" class=\"ult-ih-image\" src=\"https:\/\/tabogaexpress.com\/wp-content\/uploads\/2016\/11\/TOUR-PAGE-EE-ESP.jpg\" alt=\"null\"><\/div><div class=\"ult-ih-info\" >\t<div class=\"ult-ih-info-back\" style=\"background-color: rgba(0,0,0,0.75); \">\t<div class=\"ult-ih-content\">\t\t\t<div class=\"ult-ih-heading-block\" style=\"\">\t\t\t\t<h3 class=\"ult-ih-heading ult-responsive\" style=\"color:#ffffff;\"  data-ultimate-target='#ult-ih-list-item-8254 .ult-ih-heading'  data-responsive-json-new='{\"font-size\":\"desktop:22px;\",\"line-height\":\"desktop:28px;\"}' >EVENTOS ESPECIALES<\/h3>\t\t\t<\/div>\t\t\t<div class=\"ult-ih-divider-block\" style=\"height:1px;\">\t\t\t\t<span class=\"ult-ih-line\" style=\"border-style:solid;border-color:rgba(255,255,255,0.75);width:100px;border-width:1px;\"><\/span>\t\t\t<\/div>\t\t\t<div class=\"ult-ih-description-block\" style=\"\">\t\t\t\t<div class=\"ult-ih-description ult-responsive\" style=\"color:#bbbbbb;\"  data-ultimate-target='#ult-ih-list-item-8254 .ult-ih-description, #ult-ih-list-item-8254 .ult-ih-description p'  data-responsive-json-new='{\"font-size\":\"desktop:12px;\",\"line-height\":\"desktop:18px;\"}' ><p><a href=\"http:\/\/tabogaexpress.com\/es\/eventos-especiales\/\">Leer m\u00e1s&#8230;<\/a><\/p>\n\t\t\t\t<\/div>\t\t\t<\/div>\t<\/div>\t<\/div><\/div><\/div><\/li>\t<\/ul><\/div>[\/vc_column][\/vc_row][vc_row][vc_column][vc_empty_space][vc_column_text]<\/p>\n<h2 class=\"text-center\" style=\"text-align: center;\">Tambi\u00e9n disponible en <a href=\"http:\/\/www.tabogatourcenter.com\">Taboga Tour Center<\/a><\/h2>\n<p>[\/vc_column_text][\/vc_column][\/vc_row]<\/p>\n<\/div>","protected":false},"excerpt":{"rendered":"<p>[vc_row text_align=\u00bbcenter\u00bb type=\u00bbimage\u00bb padding_top=\u00bb100&#8243; bg_image=\u00bb905&#8243;][vc_column][vc_column_text font_size=\u00bb24px\u00bb] \u00a1La playa m\u00e1s cercana a la Ciudad de Panam\u00e1! Acomp\u00e1\u00f1enos en un relajante d\u00eda en la hermosa Isla de Taboga. Este lugar m\u00e1gico es la playa m\u00e1s cercana a la Ciudad de Panam\u00e1. Sin necesidad de manejar 2 horas en la autopista para encontrar una playa. &nbsp;Isla Taboga esta a solo 30 minutos de [&hellip;]<\/p>\n","protected":false},"author":2,"featured_media":0,"parent":0,"menu_order":0,"comment_status":"open","ping_status":"open","template":"page-templates\/full-width.php","meta":{"footnotes":""},"class_list":["post-967","page","type-page","status-publish","hentry"],"_links":{"self":[{"href":"https:\/\/tabogaexpress.com\/es\/wp-json\/wp\/v2\/pages\/967","targetHints":{"allow":["GET"]}}],"collection":[{"href":"https:\/\/tabogaexpress.com\/es\/wp-json\/wp\/v2\/pages"}],"about":[{"href":"https:\/\/tabogaexpress.com\/es\/wp-json\/wp\/v2\/types\/page"}],"author":[{"embeddable":true,"href":"https:\/\/tabogaexpress.com\/es\/wp-json\/wp\/v2\/users\/2"}],"replies":[{"embeddable":true,"href":"https:\/\/tabogaexpress.com\/es\/wp-json\/wp\/v2\/comments?post=967"}],"version-history":[{"count":13,"href":"https:\/\/tabogaexpress.com\/es\/wp-json\/wp\/v2\/pages\/967\/revisions"}],"predecessor-version":[{"id":2412,"href":"https:\/\/tabogaexpress.com\/es\/wp-json\/wp\/v2\/pages\/967\/revisions\/2412"}],"wp:attachment":[{"href":"https:\/\/tabogaexpress.com\/es\/wp-json\/wp\/v2\/media?parent=967"}],"curies":[{"name":"wp","href":"https:\/\/api.w.org\/{rel}","templated":true}]}}