{"id":969,"date":"2016-11-12T13:45:28","date_gmt":"2016-11-12T13:45:28","guid":{"rendered":"http:\/\/tabogaexpress.com\/es\/?page_id=969"},"modified":"2022-12-22T16:50:12","modified_gmt":"2022-12-22T16:50:12","slug":"politica-de-seguridad-y-privacidad","status":"publish","type":"page","link":"https:\/\/tabogaexpress.com\/es\/politica-de-seguridad-y-privacidad\/","title":{"rendered":"Politica de Seguridad y Privacidad"},"content":{"rendered":"<div class=\"wpb-content-wrapper\"><p>[vc_row][vc_column]<div  class=\"kleo-gap\" style=\"height:20px;line-height:20px;\"><\/div>[\/vc_column][\/vc_row][vc_row][vc_column width=\u00bb1\/3&#8243;][vc_single_image image=\u00bb923&#8243; img_size=\u00bbmedium\u00bb][\/vc_column][vc_column width=\u00bb2\/3&#8243;][vc_column_text]<\/p>\n<div class=\"single-post-wrapper clearfix col-lg-9 col-md-9\">\n<section class=\"wpb_row vc_row-fluid section-whitebg\">\n<div class=\"row\">\n<div class=\"vc_col-sm-12 wpb_column column_container\">\n<div class=\"wpb_wrapper \">\n<div class=\"wpb_text_column wpb_content_element \">\n<div class=\"wpb_wrapper\">\n<p>Bienvenido a TabogaExpress.com, un sitio Web administrado y propiedad de Oceanic Dream , S.A una empresa debidamente inscrita en la Rep\u00fablica de Panam\u00e1.<\/p>\n<p class=\"rtejustify\"><strong>Taboga Express<\/strong>&nbsp;reconoce su derecho a la Seguridad y se ha comprometido firmemente a proteger la informaci\u00f3n de todos los visitantes a este sitio Web. El prop\u00f3sito de esta Pol\u00edtica de Seguridad y Privacidad es detallar nuestras pol\u00edticas y procedimientos relativos a la recopilaci\u00f3n, uso o divulgaci\u00f3n de informaci\u00f3n personal de los visitantes de la p\u00e1gina Web de Taboga Express.<\/p>\n<\/div>\n<\/div>\n<\/div>\n<\/div>\n<\/div>\n<\/section>\n<\/div>\n<p>[\/vc_column_text][\/vc_column][\/vc_row]<\/p>\n<\/div>","protected":false},"excerpt":{"rendered":"<p>[vc_row][vc_column][\/vc_column][\/vc_row][vc_row][vc_column width=\u00bb1\/3&#8243;][vc_single_image image=\u00bb923&#8243; img_size=\u00bbmedium\u00bb][\/vc_column][vc_column width=\u00bb2\/3&#8243;][vc_column_text] Bienvenido a TabogaExpress.com, un sitio Web administrado y propiedad de Oceanic Dream , S.A una empresa debidamente inscrita en la Rep\u00fablica de Panam\u00e1. Taboga Express&nbsp;reconoce su derecho a la Seguridad y se ha comprometido firmemente a proteger la informaci\u00f3n de todos los visitantes a este sitio Web. El prop\u00f3sito de esta Pol\u00edtica de Seguridad y [&hellip;]<\/p>\n","protected":false},"author":2,"featured_media":0,"parent":0,"menu_order":0,"comment_status":"closed","ping_status":"closed","template":"page-templates\/full-width.php","meta":{"footnotes":""},"class_list":["post-969","page","type-page","status-publish","hentry"],"_links":{"self":[{"href":"https:\/\/tabogaexpress.com\/es\/wp-json\/wp\/v2\/pages\/969","targetHints":{"allow":["GET"]}}],"collection":[{"href":"https:\/\/tabogaexpress.com\/es\/wp-json\/wp\/v2\/pages"}],"about":[{"href":"https:\/\/tabogaexpress.com\/es\/wp-json\/wp\/v2\/types\/page"}],"author":[{"embeddable":true,"href":"https:\/\/tabogaexpress.com\/es\/wp-json\/wp\/v2\/users\/2"}],"replies":[{"embeddable":true,"href":"https:\/\/tabogaexpress.com\/es\/wp-json\/wp\/v2\/comments?post=969"}],"version-history":[{"count":2,"href":"https:\/\/tabogaexpress.com\/es\/wp-json\/wp\/v2\/pages\/969\/revisions"}],"predecessor-version":[{"id":2352,"href":"https:\/\/tabogaexpress.com\/es\/wp-json\/wp\/v2\/pages\/969\/revisions\/2352"}],"wp:attachment":[{"href":"https:\/\/tabogaexpress.com\/es\/wp-json\/wp\/v2\/media?parent=969"}],"curies":[{"name":"wp","href":"https:\/\/api.w.org\/{rel}","templated":true}]}}